{"id":510,"date":"2022-02-03T12:29:27","date_gmt":"2022-02-03T11:29:27","guid":{"rendered":"https:\/\/hotelvillasandonino.it\/?page_id=510"},"modified":"2022-02-04T14:28:16","modified_gmt":"2022-02-04T13:28:16","slug":"san-donino","status":"publish","type":"page","link":"https:\/\/hotelvillasandonino.it\/de\/der-hotel\/san-donino\/","title":{"rendered":"San Donino"},"content":{"rendered":"[vc_row full_width=&#8220;stretch_row&#8220; css=&#8220;.vc_custom_1643626071625{background: #ffffff url(https:\/\/hotelvillasandonino.it\/wp-content\/uploads\/2022\/01\/san-donino-1041&#215;300-1.jpg?id=220) !important;background-position: center !important;background-repeat: no-repeat !important;background-size: cover !important;}&#8220; min_height=&#8220;400px&#8220;][vc_column][vc_row_inner css=&#8220;.vc_custom_1643625620823{margin-top: 80px !important;}&#8220;][vc_column_inner width=&#8220;1\/3&#8243;][\/vc_column_inner][vc_column_inner el_class=&#8220;titolo&#8220; width=&#8220;1\/3&#8243; css=&#8220;.vc_custom_1643629634853{margin-top: 60px !important;}&#8220;][vc_column_text font_family=&#8220;Arial, Helvetica, sans-serif&#8220; color=&#8220;#ffffff&#8220; font_size=&#8220;30px&#8220; font_weight=&#8220;700&#8243; line_height=&#8220;30px&#8220; css=&#8220;.vc_custom_1643629628841{padding-top: 20px !important;padding-bottom: 20px !important;background-color: rgba(0,0,0,0.51) !important;*background-color: rgb(0,0,0) !important;}&#8220; el_class=&#8220;titolo&#8220;]\n<p style=\"text-align: center;\">San Donino<\/p>\n[\/vc_column_text][\/vc_column_inner][vc_column_inner width=&#8220;1\/3&#8243;][\/vc_column_inner][\/vc_row_inner][\/vc_column][\/vc_row][vc_row css=&#8220;.vc_custom_1643629885039{margin-top: -40px !important;background-color: #ffffff !important;}&#8220; el_class=&#8220;corpo&#8220;][vc_column][vc_row_inner][vc_column_inner width=&#8220;7\/12&#8243;][vc_column_text css=&#8220;.vc_custom_1643964316938{margin-top: 40px !important;}&#8220; font_family=&#8220;Arial, Helvetica, sans-serif&#8220; color=&#8220;#444444&#8243; font_size=&#8220;12px&#8220; font_weight=&#8220;400&#8243; line_height=&#8220;20px&#8220;]\u201cUnsere San Donino\u201d wurde in 530 (ca.) und lebt in Citt\u00e0 di Castello (dann Castrum Felicitatis und dann Tifernum Tiberinum) geboren. Obwohl Laien ist ein enger Freund von Florido und Amanzio Gemeinsam werden sie Schirmherr der Citt\u00e0 di Castello werden.[\/vc_column_text][vc_column_text css=&#8220;.vc_custom_1643964325385{margin-top: 40px !important;}&#8220; font_family=&#8220;Arial, Helvetica, sans-serif&#8220; color=&#8220;#444444&#8243; font_size=&#8220;16px&#8220; font_weight=&#8220;700&#8243; line_height=&#8220;32px&#8220;]<strong>Die Geschichte des Heiligen<\/strong>[\/vc_column_text][vc_column_text css=&#8220;.vc_custom_1643964339243{margin-top: 40px !important;}&#8220; font_family=&#8220;Arial, Helvetica, sans-serif&#8220; color=&#8220;#444444&#8243; font_size=&#8220;12px&#8220; font_weight=&#8220;400&#8243; line_height=&#8220;20px&#8220;]W\u00e4hrend der barbarischen Invasion erreichte Totila, K\u00f6nig der Goten Mittelitalien zerst\u00f6rt und setzen es in Brand; Donnino Florido und Amanzio nach Perugia fliehen den Bischof Herculaneum. \u2028552 In der ber\u00fchmten Schlacht von Tagina (Gualdo Tadino ) Totila wurde von Nersete, allgemeine byzantinischen Kaiser Justinian besiegt schickte ich bis Italien und Rom. befreien \u2028Donnino mit Freunden und Florido Amanzio R\u00fcckkehr zu Citt\u00e0 di Castello und organisieren den Wiederaufbau der Stadt (nach anderen Historikern nur die Kuppel) .<\/p>\n<p>In 599 (oder 600), nach dem Tod des Florido vor und nach Amanzio entscheidet Donnino die Einsiedelei zu geben und zog nach Rubbiano Resort in Val di Pierle (at Mercatale di Cortona), wo sie ern\u00e4hrt sich von Gr\u00e4sern und P\u00e4sse seine Zeit im Gebet und in der Gesellschaft von einem Hund. \u2028Einige Einheimische klar, dass Donnino die Kraft zu heilen hatte, durch die F\u00fcrsprache des heiligen Donnino, dem \u00dcbel der Knie, R\u00fccken und vor allem von \u201cEpilepsie war so \u2018 dass eine gro\u00dfe Menge von Menschen fingen an, ihn zu besuchen Donnino wurde deshalb gebeten, in Ruhe gelassen werden und dass edificassero eine kleine H\u00f6hle (tugurium parvum), altrimente w\u00fcrde f\u00fcr die meisten \u2018weg. Das einzige, was ich akzeptierte, war die Anwesenheit von zwei Personen jeden Samstag, mit ein wenig Futter f\u00fcr ihn.<\/p>\n<p>Die \u201cSassi\u201d in den umliegenden W\u00e4ldern gefunden wurde die Kraft zu heilen gegeben, durch die F\u00fcrsprache des Heiligen Daneben gibt es eine kleine Kapelle, die die Notebooks, wo Anbeter notieren Sie sich die empfangenen Gnaden bewahrt. Von links Anrufungen sind zuversichtlich, dass auch heute noch Menschen zum Heiligen gekommen, um den Schmerz der Knie, Beine, R\u00fccken, Nieren \u2026) zu entlasten. Wurden hier einst auch die Verwandten von schwangeren Frauen zu kleine Steine \u200b\u200bnehmen, dann brachten sie ihn bis zum Zeitpunkt der Lieferung, auf den Schutz der Schwangerschaft. \u2028Donnino ist auch Patron der kranke Hunde und Tollwut und die Kranken der Z\u00e4hne (siehe zwei Gem\u00e4lde im hinteren Teil der Kirche).<\/p>\n<p>Donnino, auf Dr\u00e4ngen ihrer Mitb\u00fcrger in 600 AC. beschlossen, wieder hier in Citta \u2018di Castello, die Wahl einer H\u00f6hle auf dem H\u00fcgel, die jetzt genannt wird Villa San Donino. Hier lebte seit etwa 10 Jahren und starb am 9. Oktober 610.<\/p>\n<p>In seiner Ehre, in dieser Gegend, wo Donnino sein irdisches Leben beendet, bevor 1500 die Kirche gebaut wurde, ist es in der Holz-Urne mit den Gebeinen der Heiligen aufbewahrt und die Worte \u201cBONES S. DOMNINI CONF. \u201cDie Urne wurde hier nach der Umfrage vom Bischof Bischof Tifernate Filidori, 28. Oktober 1543 bestellt wurden. \u2028Reconnaissance n\u00e4chsten erfolgte in den Jahren 1791 und 1869. \u2028Nach dem kanonischen Ascani A. seinen Zahn in einem kostbaren Reliquiar aus Silber in der Kathedrale von\u00a0<strong>Citt\u00e0 di Castello gehalten.<\/strong>[\/vc_column_text][\/vc_column_inner][vc_column_inner width=&#8220;5\/12&#8243;][vc_column_text font_family=&#8220;Arial, Helvetica, sans-serif&#8220; color=&#8220;#3699b5&#8243; font_size=&#8220;18px&#8220; font_weight=&#8220;700&#8243; line_height=&#8220;30px&#8220; css=&#8220;.vc_custom_1643981210102{margin-top: 40px !important;padding-top: 10px !important;padding-left: 10px !important;background-color: #e3e2e3 !important;}&#8220;]Buchen Sie jetzt[\/vc_column_text][vc_raw_html]JTNDZGl2JTIwaWQlM0QlMjJyZXNfcl9ib3glMjIlM0UlMEElM0NkaXYlMjBpZCUzRCUyMnJlc19yX2JveF9oJTIyJTNFJTNDYSUyMGhyZWYlM0QlMjJodHRwJTNBJTJGJTJGd3d3LnJlc2VsaXZhLmNvbSUyRmZvci1ob3RlbHMlMkZib29raW5nLWVuZ2luZSUyRiUyMiUzRVJlc2VsaXZhJTIwUmVzZXJ2aWVydW5nc3N5c3RlbSUzQyUyRmElM0UlMEElM0Nub3NjcmlwdCUzRVBsZWFzZSUyMGVuYWJsZSUyMGphdmFzY3JpcHQlMjBpbiUyMHlvdXIlMjBicm93c2VyJTBBJTNDYSUyMGhyZWYlM0QlMjJodHRwJTNBJTJGJTJGd3d3LnJlc2VsaXZhLmNvbSUyRmhvdGVsJTJGVmlsbGFTYW5Eb25pbm8lMkYlMjIlMjAlM0VPbmxpbmUtUmVzZXJ2aWVydW5nJTNDJTJGYSUzRSUzQyUyRm5vc2NyaXB0JTNFJTNDJTJGZGl2JTNFJTBBJTNDJTJGZGl2JTNFJTBBJTNDc2NyaXB0JTIwdHlwZSUzRCUyMnRleHQlMkZqYXZhc2NyaXB0JTIyJTIwbGFuZ3VhZ2UlM0QlMjJqYXZhc2NyaXB0MS4yJTIyJTNFJTJGJTJGJTIwJTNDJTIxJTVCQ0RBVEElNUIlMEF2YXIlMjByZXNfaF9uYW1lJTNEJTIyVmlsbGFTYW5Eb25pbm8lMjIlM0J2YXIlMjByZXNfdF93aWR0aCUzRCUyMDIyNSUzQnZhciUyMHJlc19sYW4lM0QlMjJkZSUyMiUzQnZhciUyMHJlc19leHRyYSUzRDAlM0J2YXIlMjByZXNfcGVvcGxlJTIwJTNEMSUzQnZhciUyMHJlc190YXJnZXQlM0QlMjJpJTIyJTNCdmFyJTIwcmVzX25ld193aW5kb3clM0QlMjAwJTNCdmFyJTIwcmVzX3Vwc2lkZSUzRCUyMDAlM0J2YXIlMjByZXNfbWF4X3Blb3BsZSUzRCUyMDYlM0IlMjAlMjB2YXIlMjByZXNfdGhlbWUlM0QlMjA5OSUzQiUwQSUyRiUyRiUyMCU1RCU1RCUzRSUzQyUyRnNjcmlwdCUzRSUwQSUzQ3NjcmlwdCUyMHR5cGUlM0QlMjJ0ZXh0JTJGamF2YXNjcmlwdCUyMiUzRSUyRiUyRiUyMCUzQyUyMSU1QkNEQVRBJTVCJTBBJTI4ZnVuY3Rpb24lMjglMjklN0J2YXIlMjB6dSUzRGRvY3VtZW50LmNyZWF0ZUVsZW1lbnQlMjglMjdzY3JpcHQlMjclMjklM0J6dS50eXBlJTNEJTI3dGV4dCUyRmphdmFzY3JpcHQlMjclM0J6dS5zcmMlM0QlMjglMjdodHRwcyUzQSUyNyUzRCUzRGRvY3VtZW50LmxvY2F0aW9uLnByb3RvY29sJTNGJTI3aHR0cHMlM0ElMkYlMkYlMjclM0ElMjdodHRwJTNBJTJGJTJGJTI3JTI5JTJCJTI3d3d3LnJlc2VsaXZhLmNvbSUyRlJlc2VsaXZhQm94JTJGSlMlMkZqcy5qcyUyNyUzQnZhciUyMHNjJTNEZG9jdW1lbnQuZ2V0RWxlbWVudHNCeVRhZ05hbWUlMjglMjdzY3JpcHQlMjclMjklNUIwJTVEJTNCc2MucGFyZW50Tm9kZS5pbnNlcnRCZWZvcmUlMjh6dSUyQ3NjJTI5JTNCJTdEJTI5JTI4JTI5JTNCJTBBJTJGJTJGJTIwJTVEJTVEJTNFJTNDJTJGc2NyaXB0JTNFJTBBJTNDc3R5bGUlM0UlMEEucmVzX2JpZyUyMCU3QmRpc3BsYXklM0Fub25lJTdEJTBBJTIzcmVzX2JvcmRlcmVkX3JvdyU3QmJvcmRlciUzQW5vbmUlMjAlMjFpbXBvcnRhbnQlM0IlN0QlMEElMjNyZXNfcl9ib3glMjB0ZCUyQyUyMCUyM3Jlc19yX2JveCUyMHRkJTIwc3Ryb25nJTJDJTIwJTIwJTIzcmVzX3JfYm94JTIwYSUyMCU3QiUwQSUyMCUyMCUyMCUyMGNvbG9yJTNBJTIwJTIzNTI0ZjUyJTIwJTIxaW1wb3J0YW50JTNCJTBBJTdEJTBBJTIzcmVzX3JfYm94JTIwdGQlMjAlN0IlMEElMjAlMjAlMjAlMjBib3JkZXIlM0EwJTIwJTIxaW1wb3J0YW50JTNCJTBBcGFkZGluZyUzQTVweCUyMCUyMWltcG9ydGFudCUzQiUwQXRleHQtYWxpZ24lM0ElMjBsZWZ0JTIwJTIxaW1wb3J0YW50JTNCJTBBJTdEJTBBJTIzcmVzX3JfYm94JTIwdGFibGUlN0IlMEElMjAlMjAlMjAlMjBiYWNrZ3JvdW5kJTNBbm9uZSUyMCUyMWltcG9ydGFudCUzQiUwQSU3RCUwQSUwQSUyM3Jlc19yX2JveCUyMCU3QiUwQWJhY2tncm91bmQlM0ElMjAlMjNFM0UyRTMlMjAlMjFpbXBvcnRhbnQlM0IlMEElN0QlMEElM0MlMkZzdHlsZSUzRQ==[\/vc_raw_html][vc_column_text font_family=&#8220;Arial, Helvetica, sans-serif&#8220; color=&#8220;#3699b5&#8243; font_size=&#8220;18px&#8220; font_weight=&#8220;700&#8243; line_height=&#8220;30px&#8220; css=&#8220;.vc_custom_1643964351993{margin-top: 40px !important;margin-bottom: 30px !important;}&#8220;]Pakete und Angebote[\/vc_column_text]<div class=\"vcex-module wpex-carousel wpex-carousel-blog wpex-clr owl-carousel arrwstyle-default\" data-wpex-carousel=\"{&quot;nav&quot;:true,&quot;dots&quot;:false,&quot;autoplay&quot;:false,&quot;loop&quot;:true,&quot;center&quot;:false,&quot;smartSpeed&quot;:250,&quot;items&quot;:1,&quot;slideBy&quot;:1,&quot;autoplayTimeout&quot;:5000,&quot;margin&quot;:15,&quot;itemsTablet&quot;:3,&quot;itemsMobileLandscape&quot;:2,&quot;itemsMobilePortrait&quot;:1,&quot;autoHeight&quot;:false}\"><div class=\"wpex-carousel-slide wpex-clr textcenter has-media\"><div class=\"wpex-carousel-entry-media entry-media\"><a href=\"https:\/\/hotelvillasandonino.it\/de\/geschaeftsvorschlag\/\" title=\"Gesch\u00e4ftsvorschlag\" class=\"wpex-carousel-entry-img\"><img loading=\"lazy\" decoding=\"async\" data-no-lazy=\"1\" class=\"wpex-align-middle skip-lazy\" src=\"https:\/\/hotelvillasandonino.it\/wp-content\/uploads\/2022\/01\/studenti.jpg\" alt=\"\" width=\"300\" height=\"188\"><\/a><\/div><div class=\"wpex-carousel-entry-details entry-details wpex-boxed wpex-first-mt-0 wpex-last-mb-0 wpex-clr vc_custom_1643636881378\"><div class=\"wpex-carousel-entry-title entry-title wpex-mb-5\"><a href=\"https:\/\/hotelvillasandonino.it\/de\/geschaeftsvorschlag\/\">Gesch\u00e4ftsvorschlag<\/a><\/div><div class=\"wpex-carousel-entry-excerpt entry-excerpt wpex-my-15 wpex-last-mb-0 wpex-clr\"><p>Sind Sie gesch\u00e4ftlich hier?<\/p><\/div><\/div><\/div><\/div>[\/vc_column_inner][\/vc_row_inner][\/vc_column][\/vc_row]\n","protected":false},"excerpt":{"rendered":"<p>[vc_row full_width=&#8220;stretch_row&#8220; css=&#8220;.vc_custom_1643626071625{background: #ffffff url(https:\/\/hotelvillasandonino.it\/wp-content\/uploads\/2022\/01\/san-donino-1041&#215;300-1.jpg?id=220) !important;background-position: center !important;background-repeat: no-repeat !important;background-size: cover !important;}&#8220; min_height=&#8220;400px&#8220;][vc_column][vc_row_inner css=&#8220;.vc_custom_1643625620823{margin-top: 80px !important;}&#8220;][vc_column_inner width=&#8220;1\/3&#8243;][\/vc_column_inner][vc_column_inner el_class=&#8220;titolo&#8220; width=&#8220;1\/3&#8243; css=&#8220;.vc_custom_1643629634853{margin-top: 60px !important;}&#8220;][vc_column_text font_family=&#8220;Arial, Helvetica, sans-serif&#8220; color=&#8220;#ffffff&#8220; font_size=&#8220;30px&#8220; font_weight=&#8220;700&#8243; line_height=&#8220;30px&#8220; css=&#8220;.vc_custom_1643629628841{padding-top: 20px !important;padding-bottom: 20px !important;background-color: rgba(0,0,0,0.51) !important;*background-color: rgb(0,0,0) !important;}&#8220; el_class=&#8220;titolo&#8220;] San Donino [\/vc_column_text][\/vc_column_inner][vc_column_inner width=&#8220;1\/3&#8243;][\/vc_column_inner][\/vc_row_inner][\/vc_column][\/vc_row][vc_row css=&#8220;.vc_custom_1643629885039{margin-top: -40px !important;background-color: #ffffff !important;}&#8220; el_class=&#8220;corpo&#8220;][vc_column][vc_row_inner][vc_column_inner width=&#8220;7\/12&#8243;][vc_column_text css=&#8220;.vc_custom_1643964316938{margin-top: 40px !important;}&#8220; font_family=&#8220;Arial, Helvetica,&hellip;<\/p>\n","protected":false},"author":1,"featured_media":0,"parent":713,"menu_order":0,"comment_status":"closed","ping_status":"closed","template":"","meta":{"footnotes":""},"class_list":["post-510","page","type-page","status-publish","hentry","entry","has-media"],"yoast_head":"<!-- This site is optimized with the Yoast SEO plugin v26.7 - https:\/\/yoast.com\/wordpress\/plugins\/seo\/ -->\n<title>San Donino - Villa San Donino<\/title>\n<meta name=\"robots\" content=\"index, follow, max-snippet:-1, max-image-preview:large, max-video-preview:-1\" \/>\n<link rel=\"canonical\" href=\"https:\/\/hotelvillasandonino.it\/hotel\/san-donino\/\" \/>\n<meta property=\"og:locale\" content=\"de_DE\" \/>\n<meta property=\"og:type\" content=\"article\" \/>\n<meta property=\"og:title\" content=\"San Donino - Villa San Donino\" \/>\n<meta property=\"og:description\" content=\"[vc_row full_width=&#8220;stretch_row&#8220; css=&#8220;.vc_custom_1643626071625{background: #ffffff url(https:\/\/hotelvillasandonino.it\/wp-content\/uploads\/2022\/01\/san-donino-1041&#215;300-1.jpg?id=220) !important;background-position: center !important;background-repeat: no-repeat !important;background-size: cover !important;}&#8220; min_height=&#8220;400px&#8220;][vc_column][vc_row_inner css=&#8220;.vc_custom_1643625620823{margin-top: 80px !important;}&#8220;][vc_column_inner width=&#8220;1\/3&#8243;][\/vc_column_inner][vc_column_inner el_class=&#8220;titolo&#8220; width=&#8220;1\/3&#8243; css=&#8220;.vc_custom_1643629634853{margin-top: 60px !important;}&#8220;][vc_column_text font_family=&#8220;Arial, Helvetica, sans-serif&#8220; color=&#8220;#ffffff&#8220; font_size=&#8220;30px&#8220; font_weight=&#8220;700&#8243; line_height=&#8220;30px&#8220; css=&#8220;.vc_custom_1643629628841{padding-top: 20px !important;padding-bottom: 20px !important;background-color: rgba(0,0,0,0.51) !important;*background-color: rgb(0,0,0) !important;}&#8220; el_class=&#8220;titolo&#8220;] San Donino [\/vc_column_text][\/vc_column_inner][vc_column_inner width=&#8220;1\/3&#8243;][\/vc_column_inner][\/vc_row_inner][\/vc_column][\/vc_row][vc_row css=&#8220;.vc_custom_1643629885039{margin-top: -40px !important;background-color: #ffffff !important;}&#8220; el_class=&#8220;corpo&#8220;][vc_column][vc_row_inner][vc_column_inner width=&#8220;7\/12&#8243;][vc_column_text css=&#8220;.vc_custom_1643964316938{margin-top: 40px !important;}&#8220; font_family=&#8220;Arial, Helvetica,&hellip;\" \/>\n<meta property=\"og:url\" content=\"https:\/\/hotelvillasandonino.it\/hotel\/san-donino\/\" \/>\n<meta property=\"og:site_name\" content=\"Villa San Donino\" \/>\n<meta property=\"article:modified_time\" content=\"2022-02-04T13:28:16+00:00\" \/>\n<meta name=\"twitter:card\" content=\"summary_large_image\" \/>\n<meta name=\"twitter:label1\" content=\"Gesch\u00e4tzte Lesezeit\" \/>\n\t<meta name=\"twitter:data1\" content=\"5\u00a0Minuten\" \/>\n<script type=\"application\/ld+json\" class=\"yoast-schema-graph\">{\"@context\":\"https:\/\/schema.org\",\"@graph\":[{\"@type\":\"WebPage\",\"@id\":\"https:\/\/hotelvillasandonino.it\/hotel\/san-donino\/\",\"url\":\"https:\/\/hotelvillasandonino.it\/hotel\/san-donino\/\",\"name\":\"San Donino - Villa San Donino\",\"isPartOf\":{\"@id\":\"https:\/\/hotelvillasandonino.it\/#website\"},\"datePublished\":\"2022-02-03T11:29:27+00:00\",\"dateModified\":\"2022-02-04T13:28:16+00:00\",\"breadcrumb\":{\"@id\":\"https:\/\/hotelvillasandonino.it\/hotel\/san-donino\/#breadcrumb\"},\"inLanguage\":\"de\",\"potentialAction\":[{\"@type\":\"ReadAction\",\"target\":[\"https:\/\/hotelvillasandonino.it\/hotel\/san-donino\/\"]}]},{\"@type\":\"BreadcrumbList\",\"@id\":\"https:\/\/hotelvillasandonino.it\/hotel\/san-donino\/#breadcrumb\",\"itemListElement\":[{\"@type\":\"ListItem\",\"position\":1,\"name\":\"Home\",\"item\":\"https:\/\/hotelvillasandonino.it\/\"},{\"@type\":\"ListItem\",\"position\":2,\"name\":\"Der Hotel\",\"item\":\"https:\/\/hotelvillasandonino.it\/hotel\/\"},{\"@type\":\"ListItem\",\"position\":3,\"name\":\"San Donino\"}]},{\"@type\":\"WebSite\",\"@id\":\"https:\/\/hotelvillasandonino.it\/#website\",\"url\":\"https:\/\/hotelvillasandonino.it\/\",\"name\":\"Villa San Donino\",\"description\":\"\",\"publisher\":{\"@id\":\"https:\/\/hotelvillasandonino.it\/#organization\"},\"potentialAction\":[{\"@type\":\"SearchAction\",\"target\":{\"@type\":\"EntryPoint\",\"urlTemplate\":\"https:\/\/hotelvillasandonino.it\/?s={search_term_string}\"},\"query-input\":{\"@type\":\"PropertyValueSpecification\",\"valueRequired\":true,\"valueName\":\"search_term_string\"}}],\"inLanguage\":\"de\"},{\"@type\":\"Organization\",\"@id\":\"https:\/\/hotelvillasandonino.it\/#organization\",\"name\":\"Villa San Donino\",\"url\":\"https:\/\/hotelvillasandonino.it\/\",\"logo\":{\"@type\":\"ImageObject\",\"inLanguage\":\"de\",\"@id\":\"https:\/\/hotelvillasandonino.it\/#\/schema\/logo\/image\/\",\"url\":\"https:\/\/hotelvillasandonino.it\/wp-content\/uploads\/2022\/01\/logo-villa-san-donino.png\",\"contentUrl\":\"https:\/\/hotelvillasandonino.it\/wp-content\/uploads\/2022\/01\/logo-villa-san-donino.png\",\"width\":200,\"height\":200,\"caption\":\"Villa San Donino\"},\"image\":{\"@id\":\"https:\/\/hotelvillasandonino.it\/#\/schema\/logo\/image\/\"}}]}<\/script>\n<!-- \/ Yoast SEO plugin. -->","yoast_head_json":{"title":"San Donino - Villa San Donino","robots":{"index":"index","follow":"follow","max-snippet":"max-snippet:-1","max-image-preview":"max-image-preview:large","max-video-preview":"max-video-preview:-1"},"canonical":"https:\/\/hotelvillasandonino.it\/hotel\/san-donino\/","og_locale":"de_DE","og_type":"article","og_title":"San Donino - Villa San Donino","og_description":"[vc_row full_width=&#8220;stretch_row&#8220; css=&#8220;.vc_custom_1643626071625{background: #ffffff url(https:\/\/hotelvillasandonino.it\/wp-content\/uploads\/2022\/01\/san-donino-1041&#215;300-1.jpg?id=220) !important;background-position: center !important;background-repeat: no-repeat !important;background-size: cover !important;}&#8220; min_height=&#8220;400px&#8220;][vc_column][vc_row_inner css=&#8220;.vc_custom_1643625620823{margin-top: 80px !important;}&#8220;][vc_column_inner width=&#8220;1\/3&#8243;][\/vc_column_inner][vc_column_inner el_class=&#8220;titolo&#8220; width=&#8220;1\/3&#8243; css=&#8220;.vc_custom_1643629634853{margin-top: 60px !important;}&#8220;][vc_column_text font_family=&#8220;Arial, Helvetica, sans-serif&#8220; color=&#8220;#ffffff&#8220; font_size=&#8220;30px&#8220; font_weight=&#8220;700&#8243; line_height=&#8220;30px&#8220; css=&#8220;.vc_custom_1643629628841{padding-top: 20px !important;padding-bottom: 20px !important;background-color: rgba(0,0,0,0.51) !important;*background-color: rgb(0,0,0) !important;}&#8220; el_class=&#8220;titolo&#8220;] San Donino [\/vc_column_text][\/vc_column_inner][vc_column_inner width=&#8220;1\/3&#8243;][\/vc_column_inner][\/vc_row_inner][\/vc_column][\/vc_row][vc_row css=&#8220;.vc_custom_1643629885039{margin-top: -40px !important;background-color: #ffffff !important;}&#8220; el_class=&#8220;corpo&#8220;][vc_column][vc_row_inner][vc_column_inner width=&#8220;7\/12&#8243;][vc_column_text css=&#8220;.vc_custom_1643964316938{margin-top: 40px !important;}&#8220; font_family=&#8220;Arial, Helvetica,&hellip;","og_url":"https:\/\/hotelvillasandonino.it\/hotel\/san-donino\/","og_site_name":"Villa San Donino","article_modified_time":"2022-02-04T13:28:16+00:00","twitter_card":"summary_large_image","twitter_misc":{"Gesch\u00e4tzte Lesezeit":"5\u00a0Minuten"},"schema":{"@context":"https:\/\/schema.org","@graph":[{"@type":"WebPage","@id":"https:\/\/hotelvillasandonino.it\/hotel\/san-donino\/","url":"https:\/\/hotelvillasandonino.it\/hotel\/san-donino\/","name":"San Donino - Villa San Donino","isPartOf":{"@id":"https:\/\/hotelvillasandonino.it\/#website"},"datePublished":"2022-02-03T11:29:27+00:00","dateModified":"2022-02-04T13:28:16+00:00","breadcrumb":{"@id":"https:\/\/hotelvillasandonino.it\/hotel\/san-donino\/#breadcrumb"},"inLanguage":"de","potentialAction":[{"@type":"ReadAction","target":["https:\/\/hotelvillasandonino.it\/hotel\/san-donino\/"]}]},{"@type":"BreadcrumbList","@id":"https:\/\/hotelvillasandonino.it\/hotel\/san-donino\/#breadcrumb","itemListElement":[{"@type":"ListItem","position":1,"name":"Home","item":"https:\/\/hotelvillasandonino.it\/"},{"@type":"ListItem","position":2,"name":"Der Hotel","item":"https:\/\/hotelvillasandonino.it\/hotel\/"},{"@type":"ListItem","position":3,"name":"San Donino"}]},{"@type":"WebSite","@id":"https:\/\/hotelvillasandonino.it\/#website","url":"https:\/\/hotelvillasandonino.it\/","name":"Villa San Donino","description":"","publisher":{"@id":"https:\/\/hotelvillasandonino.it\/#organization"},"potentialAction":[{"@type":"SearchAction","target":{"@type":"EntryPoint","urlTemplate":"https:\/\/hotelvillasandonino.it\/?s={search_term_string}"},"query-input":{"@type":"PropertyValueSpecification","valueRequired":true,"valueName":"search_term_string"}}],"inLanguage":"de"},{"@type":"Organization","@id":"https:\/\/hotelvillasandonino.it\/#organization","name":"Villa San Donino","url":"https:\/\/hotelvillasandonino.it\/","logo":{"@type":"ImageObject","inLanguage":"de","@id":"https:\/\/hotelvillasandonino.it\/#\/schema\/logo\/image\/","url":"https:\/\/hotelvillasandonino.it\/wp-content\/uploads\/2022\/01\/logo-villa-san-donino.png","contentUrl":"https:\/\/hotelvillasandonino.it\/wp-content\/uploads\/2022\/01\/logo-villa-san-donino.png","width":200,"height":200,"caption":"Villa San Donino"},"image":{"@id":"https:\/\/hotelvillasandonino.it\/#\/schema\/logo\/image\/"}}]}},"_links":{"self":[{"href":"https:\/\/hotelvillasandonino.it\/de\/wp-json\/wp\/v2\/pages\/510","targetHints":{"allow":["GET"]}}],"collection":[{"href":"https:\/\/hotelvillasandonino.it\/de\/wp-json\/wp\/v2\/pages"}],"about":[{"href":"https:\/\/hotelvillasandonino.it\/de\/wp-json\/wp\/v2\/types\/page"}],"author":[{"embeddable":true,"href":"https:\/\/hotelvillasandonino.it\/de\/wp-json\/wp\/v2\/users\/1"}],"replies":[{"embeddable":true,"href":"https:\/\/hotelvillasandonino.it\/de\/wp-json\/wp\/v2\/comments?post=510"}],"version-history":[{"count":5,"href":"https:\/\/hotelvillasandonino.it\/de\/wp-json\/wp\/v2\/pages\/510\/revisions"}],"predecessor-version":[{"id":866,"href":"https:\/\/hotelvillasandonino.it\/de\/wp-json\/wp\/v2\/pages\/510\/revisions\/866"}],"up":[{"embeddable":true,"href":"https:\/\/hotelvillasandonino.it\/de\/wp-json\/wp\/v2\/pages\/713"}],"wp:attachment":[{"href":"https:\/\/hotelvillasandonino.it\/de\/wp-json\/wp\/v2\/media?parent=510"}],"curies":[{"name":"wp","href":"https:\/\/api.w.org\/{rel}","templated":true}]}}