{"id":691,"date":"2022-02-04T09:48:52","date_gmt":"2022-02-04T08:48:52","guid":{"rendered":"https:\/\/hotelvillasandonino.it\/?page_id=691"},"modified":"2022-02-04T14:28:08","modified_gmt":"2022-02-04T13:28:08","slug":"kinder-willkommen","status":"publish","type":"page","link":"https:\/\/hotelvillasandonino.it\/de\/der-hotel\/kinder-willkommen\/","title":{"rendered":"Kinder willkommen"},"content":{"rendered":"[vc_row full_width=&#8220;stretch_row&#8220; css=&#8220;.vc_custom_1643626451270{background: #ffffff url(https:\/\/hotelvillasandonino.it\/wp-content\/uploads\/2022\/01\/bambini-1200&#215;350-1.jpg?id=226) !important;background-position: center !important;background-repeat: no-repeat !important;background-size: cover !important;}&#8220; min_height=&#8220;400px&#8220;][vc_column][vc_row_inner css=&#8220;.vc_custom_1643625620823{margin-top: 80px !important;}&#8220;][vc_column_inner width=&#8220;1\/3&#8243;][\/vc_column_inner][vc_column_inner el_class=&#8220;titolo&#8220; width=&#8220;1\/3&#8243; css=&#8220;.vc_custom_1643629598601{margin-top: 60px !important;}&#8220;][vc_column_text font_family=&#8220;Arial, Helvetica, sans-serif&#8220; color=&#8220;#ffffff&#8220; font_size=&#8220;30px&#8220; font_weight=&#8220;700&#8243; line_height=&#8220;30px&#8220; css=&#8220;.vc_custom_1643964492010{padding-top: 20px !important;padding-bottom: 20px !important;background-color: rgba(0,0,0,0.51) !important;*background-color: rgb(0,0,0) !important;}&#8220; el_class=&#8220;titolo&#8220;]\n<p style=\"text-align: center;\">Kinder willkommen<\/p>\n[\/vc_column_text][\/vc_column_inner][vc_column_inner width=&#8220;1\/3&#8243;][\/vc_column_inner][\/vc_row_inner][\/vc_column][\/vc_row][vc_row css=&#8220;.vc_custom_1643629885039{margin-top: -40px !important;background-color: #ffffff !important;}&#8220; el_class=&#8220;corpo&#8220;][vc_column][vc_row_inner][vc_column_inner width=&#8220;7\/12&#8243;][vc_column_text css=&#8220;.vc_custom_1643964517539{margin-top: 40px !important;}&#8220; font_family=&#8220;Arial, Helvetica, sans-serif&#8220; color=&#8220;#444444&#8243; font_size=&#8220;12px&#8220; font_weight=&#8220;400&#8243; line_height=&#8220;20px&#8220;]Liebe M\u00fctter und V\u00e4ter, als Eltern, merkten wir, wie wichtig es ist, ein Hotel, das Platz finden und treffen die Bed\u00fcrfnisse der Familie ist, was Freiheit (safe) f\u00fcr Kinder und ein wenig \u201cAtmen Eltern!<\/p>\n<p>Sie k\u00f6nnen Spa\u00df in der gr\u00fcnen Landschaft haben durch\u00a0 , Volleyball und Basketball! Werfen Herausforderungen auf Fu\u00dfball und Tischtennis und Schwimmen im Pool \u2026 gro\u00df oder klein ist, dass den Kindern gewidmet!\u00a0<strong>ALL FREE!<\/strong><\/p>\n<p>Wir dachten, Sie im Restaurant zu erf\u00fcllen, schaffen spezielle\u00a0<strong>Men\u00fcs f\u00fcr Ihre Kinder<\/strong> mit gesunden Lebensmitteln und gesund \u2026. auch bitte die Taschen der Eltern![\/vc_column_text][\/vc_column_inner][vc_column_inner width=&#8220;5\/12&#8243;][vc_column_text font_family=&#8220;Arial, Helvetica, sans-serif&#8220; color=&#8220;#3699b5&#8243; font_size=&#8220;18px&#8220; font_weight=&#8220;700&#8243; line_height=&#8220;30px&#8220; css=&#8220;.vc_custom_1643981205150{margin-top: 40px !important;padding-top: 10px !important;padding-left: 10px !important;background-color: #e3e2e3 !important;}&#8220;]Buchen Sie jetzt[\/vc_column_text][vc_raw_html]JTNDZGl2JTIwaWQlM0QlMjJyZXNfcl9ib3glMjIlM0UlMEElM0NkaXYlMjBpZCUzRCUyMnJlc19yX2JveF9oJTIyJTNFJTNDYSUyMGhyZWYlM0QlMjJodHRwJTNBJTJGJTJGd3d3LnJlc2VsaXZhLmNvbSUyRmZvci1ob3RlbHMlMkZib29raW5nLWVuZ2luZSUyRiUyMiUzRVJlc2VsaXZhJTIwUmVzZXJ2aWVydW5nc3N5c3RlbSUzQyUyRmElM0UlMEElM0Nub3NjcmlwdCUzRVBsZWFzZSUyMGVuYWJsZSUyMGphdmFzY3JpcHQlMjBpbiUyMHlvdXIlMjBicm93c2VyJTBBJTNDYSUyMGhyZWYlM0QlMjJodHRwJTNBJTJGJTJGd3d3LnJlc2VsaXZhLmNvbSUyRmhvdGVsJTJGVmlsbGFTYW5Eb25pbm8lMkYlMjIlMjAlM0VPbmxpbmUtUmVzZXJ2aWVydW5nJTNDJTJGYSUzRSUzQyUyRm5vc2NyaXB0JTNFJTNDJTJGZGl2JTNFJTBBJTNDJTJGZGl2JTNFJTBBJTNDc2NyaXB0JTIwdHlwZSUzRCUyMnRleHQlMkZqYXZhc2NyaXB0JTIyJTIwbGFuZ3VhZ2UlM0QlMjJqYXZhc2NyaXB0MS4yJTIyJTNFJTJGJTJGJTIwJTNDJTIxJTVCQ0RBVEElNUIlMEF2YXIlMjByZXNfaF9uYW1lJTNEJTIyVmlsbGFTYW5Eb25pbm8lMjIlM0J2YXIlMjByZXNfdF93aWR0aCUzRCUyMDIyNSUzQnZhciUyMHJlc19sYW4lM0QlMjJkZSUyMiUzQnZhciUyMHJlc19leHRyYSUzRDAlM0J2YXIlMjByZXNfcGVvcGxlJTIwJTNEMSUzQnZhciUyMHJlc190YXJnZXQlM0QlMjJpJTIyJTNCdmFyJTIwcmVzX25ld193aW5kb3clM0QlMjAwJTNCdmFyJTIwcmVzX3Vwc2lkZSUzRCUyMDAlM0J2YXIlMjByZXNfbWF4X3Blb3BsZSUzRCUyMDYlM0IlMjAlMjB2YXIlMjByZXNfdGhlbWUlM0QlMjA5OSUzQiUwQSUyRiUyRiUyMCU1RCU1RCUzRSUzQyUyRnNjcmlwdCUzRSUwQSUzQ3NjcmlwdCUyMHR5cGUlM0QlMjJ0ZXh0JTJGamF2YXNjcmlwdCUyMiUzRSUyRiUyRiUyMCUzQyUyMSU1QkNEQVRBJTVCJTBBJTI4ZnVuY3Rpb24lMjglMjklN0J2YXIlMjB6dSUzRGRvY3VtZW50LmNyZWF0ZUVsZW1lbnQlMjglMjdzY3JpcHQlMjclMjklM0J6dS50eXBlJTNEJTI3dGV4dCUyRmphdmFzY3JpcHQlMjclM0J6dS5zcmMlM0QlMjglMjdodHRwcyUzQSUyNyUzRCUzRGRvY3VtZW50LmxvY2F0aW9uLnByb3RvY29sJTNGJTI3aHR0cHMlM0ElMkYlMkYlMjclM0ElMjdodHRwJTNBJTJGJTJGJTI3JTI5JTJCJTI3d3d3LnJlc2VsaXZhLmNvbSUyRlJlc2VsaXZhQm94JTJGSlMlMkZqcy5qcyUyNyUzQnZhciUyMHNjJTNEZG9jdW1lbnQuZ2V0RWxlbWVudHNCeVRhZ05hbWUlMjglMjdzY3JpcHQlMjclMjklNUIwJTVEJTNCc2MucGFyZW50Tm9kZS5pbnNlcnRCZWZvcmUlMjh6dSUyQ3NjJTI5JTNCJTdEJTI5JTI4JTI5JTNCJTBBJTJGJTJGJTIwJTVEJTVEJTNFJTNDJTJGc2NyaXB0JTNFJTBBJTNDc3R5bGUlM0UlMEEucmVzX2JpZyUyMCU3QmRpc3BsYXklM0Fub25lJTdEJTBBJTIzcmVzX2JvcmRlcmVkX3JvdyU3QmJvcmRlciUzQW5vbmUlMjAlMjFpbXBvcnRhbnQlM0IlN0QlMEElMjNyZXNfcl9ib3glMjB0ZCUyQyUyMCUyM3Jlc19yX2JveCUyMHRkJTIwc3Ryb25nJTJDJTIwJTIwJTIzcmVzX3JfYm94JTIwYSUyMCU3QiUwQSUyMCUyMCUyMCUyMGNvbG9yJTNBJTIwJTIzNTI0ZjUyJTIwJTIxaW1wb3J0YW50JTNCJTBBJTdEJTBBJTIzcmVzX3JfYm94JTIwdGQlMjAlN0IlMEElMjAlMjAlMjAlMjBib3JkZXIlM0EwJTIwJTIxaW1wb3J0YW50JTNCJTBBcGFkZGluZyUzQTVweCUyMCUyMWltcG9ydGFudCUzQiUwQXRleHQtYWxpZ24lM0ElMjBsZWZ0JTIwJTIxaW1wb3J0YW50JTNCJTBBJTdEJTBBJTIzcmVzX3JfYm94JTIwdGFibGUlN0IlMEElMjAlMjAlMjAlMjBiYWNrZ3JvdW5kJTNBbm9uZSUyMCUyMWltcG9ydGFudCUzQiUwQSU3RCUwQSUwQSUyM3Jlc19yX2JveCUyMCU3QiUwQWJhY2tncm91bmQlM0ElMjAlMjNFM0UyRTMlMjAlMjFpbXBvcnRhbnQlM0IlMEElN0QlMEElM0MlMkZzdHlsZSUzRQ==[\/vc_raw_html][vc_column_text font_family=&#8220;Arial, Helvetica, sans-serif&#8220; color=&#8220;#3699b5&#8243; font_size=&#8220;18px&#8220; font_weight=&#8220;700&#8243; line_height=&#8220;30px&#8220; css=&#8220;.vc_custom_1643964527633{margin-top: 40px !important;margin-bottom: 30px !important;}&#8220;]Pakete und Angebote[\/vc_column_text]<div class=\"vcex-module wpex-carousel wpex-carousel-blog wpex-clr owl-carousel arrwstyle-default\" data-wpex-carousel=\"{&quot;nav&quot;:true,&quot;dots&quot;:false,&quot;autoplay&quot;:false,&quot;loop&quot;:true,&quot;center&quot;:false,&quot;smartSpeed&quot;:250,&quot;items&quot;:1,&quot;slideBy&quot;:1,&quot;autoplayTimeout&quot;:5000,&quot;margin&quot;:15,&quot;itemsTablet&quot;:3,&quot;itemsMobileLandscape&quot;:2,&quot;itemsMobilePortrait&quot;:1,&quot;autoHeight&quot;:false}\"><div class=\"wpex-carousel-slide wpex-clr textcenter has-media\"><div class=\"wpex-carousel-entry-media entry-media\"><a href=\"https:\/\/hotelvillasandonino.it\/de\/geschaeftsvorschlag\/\" title=\"Gesch\u00e4ftsvorschlag\" class=\"wpex-carousel-entry-img\"><img loading=\"lazy\" decoding=\"async\" data-no-lazy=\"1\" class=\"wpex-align-middle skip-lazy\" src=\"https:\/\/hotelvillasandonino.it\/wp-content\/uploads\/2022\/01\/studenti.jpg\" alt=\"\" width=\"300\" height=\"188\"><\/a><\/div><div class=\"wpex-carousel-entry-details entry-details wpex-boxed wpex-first-mt-0 wpex-last-mb-0 wpex-clr vc_custom_1643636881378\"><div class=\"wpex-carousel-entry-title entry-title wpex-mb-5\"><a href=\"https:\/\/hotelvillasandonino.it\/de\/geschaeftsvorschlag\/\">Gesch\u00e4ftsvorschlag<\/a><\/div><div class=\"wpex-carousel-entry-excerpt entry-excerpt wpex-my-15 wpex-last-mb-0 wpex-clr\"><p>Sind Sie gesch\u00e4ftlich hier?<\/p><\/div><\/div><\/div><\/div>[\/vc_column_inner][\/vc_row_inner][\/vc_column][\/vc_row]\n","protected":false},"excerpt":{"rendered":"<p>[vc_row full_width=&#8220;stretch_row&#8220; css=&#8220;.vc_custom_1643626451270{background: #ffffff url(https:\/\/hotelvillasandonino.it\/wp-content\/uploads\/2022\/01\/bambini-1200&#215;350-1.jpg?id=226) !important;background-position: center !important;background-repeat: no-repeat !important;background-size: cover !important;}&#8220; min_height=&#8220;400px&#8220;][vc_column][vc_row_inner css=&#8220;.vc_custom_1643625620823{margin-top: 80px !important;}&#8220;][vc_column_inner width=&#8220;1\/3&#8243;][\/vc_column_inner][vc_column_inner el_class=&#8220;titolo&#8220; width=&#8220;1\/3&#8243; css=&#8220;.vc_custom_1643629598601{margin-top: 60px !important;}&#8220;][vc_column_text font_family=&#8220;Arial, Helvetica, sans-serif&#8220; color=&#8220;#ffffff&#8220; font_size=&#8220;30px&#8220; font_weight=&#8220;700&#8243; line_height=&#8220;30px&#8220; css=&#8220;.vc_custom_1643964492010{padding-top: 20px !important;padding-bottom: 20px !important;background-color: rgba(0,0,0,0.51) !important;*background-color: rgb(0,0,0) !important;}&#8220; el_class=&#8220;titolo&#8220;] Kinder willkommen [\/vc_column_text][\/vc_column_inner][vc_column_inner width=&#8220;1\/3&#8243;][\/vc_column_inner][\/vc_row_inner][\/vc_column][\/vc_row][vc_row css=&#8220;.vc_custom_1643629885039{margin-top: -40px !important;background-color: #ffffff !important;}&#8220; el_class=&#8220;corpo&#8220;][vc_column][vc_row_inner][vc_column_inner width=&#8220;7\/12&#8243;][vc_column_text css=&#8220;.vc_custom_1643964517539{margin-top: 40px !important;}&#8220; font_family=&#8220;Arial, Helvetica,&hellip;<\/p>\n","protected":false},"author":1,"featured_media":0,"parent":713,"menu_order":0,"comment_status":"closed","ping_status":"closed","template":"","meta":{"footnotes":""},"class_list":["post-691","page","type-page","status-publish","hentry","entry","has-media"],"yoast_head":"<!-- This site is optimized with the Yoast SEO plugin v26.7 - https:\/\/yoast.com\/wordpress\/plugins\/seo\/ -->\n<title>Kinder willkommen - Villa San Donino<\/title>\n<meta name=\"robots\" content=\"index, follow, max-snippet:-1, max-image-preview:large, max-video-preview:-1\" \/>\n<link rel=\"canonical\" href=\"https:\/\/hotelvillasandonino.it\/hotel\/bambini-benvenuti\/\" \/>\n<meta property=\"og:locale\" content=\"de_DE\" \/>\n<meta property=\"og:type\" content=\"article\" \/>\n<meta property=\"og:title\" content=\"Kinder willkommen - Villa San Donino\" \/>\n<meta property=\"og:description\" content=\"[vc_row full_width=&#8220;stretch_row&#8220; css=&#8220;.vc_custom_1643626451270{background: #ffffff url(https:\/\/hotelvillasandonino.it\/wp-content\/uploads\/2022\/01\/bambini-1200&#215;350-1.jpg?id=226) !important;background-position: center !important;background-repeat: no-repeat !important;background-size: cover !important;}&#8220; min_height=&#8220;400px&#8220;][vc_column][vc_row_inner css=&#8220;.vc_custom_1643625620823{margin-top: 80px !important;}&#8220;][vc_column_inner width=&#8220;1\/3&#8243;][\/vc_column_inner][vc_column_inner el_class=&#8220;titolo&#8220; width=&#8220;1\/3&#8243; css=&#8220;.vc_custom_1643629598601{margin-top: 60px !important;}&#8220;][vc_column_text font_family=&#8220;Arial, Helvetica, sans-serif&#8220; color=&#8220;#ffffff&#8220; font_size=&#8220;30px&#8220; font_weight=&#8220;700&#8243; line_height=&#8220;30px&#8220; css=&#8220;.vc_custom_1643964492010{padding-top: 20px !important;padding-bottom: 20px !important;background-color: rgba(0,0,0,0.51) !important;*background-color: rgb(0,0,0) !important;}&#8220; el_class=&#8220;titolo&#8220;] Kinder willkommen [\/vc_column_text][\/vc_column_inner][vc_column_inner width=&#8220;1\/3&#8243;][\/vc_column_inner][\/vc_row_inner][\/vc_column][\/vc_row][vc_row css=&#8220;.vc_custom_1643629885039{margin-top: -40px !important;background-color: #ffffff !important;}&#8220; el_class=&#8220;corpo&#8220;][vc_column][vc_row_inner][vc_column_inner width=&#8220;7\/12&#8243;][vc_column_text css=&#8220;.vc_custom_1643964517539{margin-top: 40px !important;}&#8220; font_family=&#8220;Arial, Helvetica,&hellip;\" \/>\n<meta property=\"og:url\" content=\"https:\/\/hotelvillasandonino.it\/hotel\/bambini-benvenuti\/\" \/>\n<meta property=\"og:site_name\" content=\"Villa San Donino\" \/>\n<meta property=\"article:modified_time\" content=\"2022-02-04T13:28:08+00:00\" \/>\n<meta name=\"twitter:card\" content=\"summary_large_image\" \/>\n<meta name=\"twitter:label1\" content=\"Gesch\u00e4tzte Lesezeit\" \/>\n\t<meta name=\"twitter:data1\" content=\"3\u00a0Minuten\" \/>\n<script type=\"application\/ld+json\" class=\"yoast-schema-graph\">{\"@context\":\"https:\/\/schema.org\",\"@graph\":[{\"@type\":\"WebPage\",\"@id\":\"https:\/\/hotelvillasandonino.it\/hotel\/bambini-benvenuti\/\",\"url\":\"https:\/\/hotelvillasandonino.it\/hotel\/bambini-benvenuti\/\",\"name\":\"Kinder willkommen - Villa San Donino\",\"isPartOf\":{\"@id\":\"https:\/\/hotelvillasandonino.it\/#website\"},\"datePublished\":\"2022-02-04T08:48:52+00:00\",\"dateModified\":\"2022-02-04T13:28:08+00:00\",\"breadcrumb\":{\"@id\":\"https:\/\/hotelvillasandonino.it\/hotel\/bambini-benvenuti\/#breadcrumb\"},\"inLanguage\":\"de\",\"potentialAction\":[{\"@type\":\"ReadAction\",\"target\":[\"https:\/\/hotelvillasandonino.it\/hotel\/bambini-benvenuti\/\"]}]},{\"@type\":\"BreadcrumbList\",\"@id\":\"https:\/\/hotelvillasandonino.it\/hotel\/bambini-benvenuti\/#breadcrumb\",\"itemListElement\":[{\"@type\":\"ListItem\",\"position\":1,\"name\":\"Home\",\"item\":\"https:\/\/hotelvillasandonino.it\/\"},{\"@type\":\"ListItem\",\"position\":2,\"name\":\"Der Hotel\",\"item\":\"https:\/\/hotelvillasandonino.it\/hotel\/\"},{\"@type\":\"ListItem\",\"position\":3,\"name\":\"Kinder willkommen\"}]},{\"@type\":\"WebSite\",\"@id\":\"https:\/\/hotelvillasandonino.it\/#website\",\"url\":\"https:\/\/hotelvillasandonino.it\/\",\"name\":\"Villa San Donino\",\"description\":\"\",\"publisher\":{\"@id\":\"https:\/\/hotelvillasandonino.it\/#organization\"},\"potentialAction\":[{\"@type\":\"SearchAction\",\"target\":{\"@type\":\"EntryPoint\",\"urlTemplate\":\"https:\/\/hotelvillasandonino.it\/?s={search_term_string}\"},\"query-input\":{\"@type\":\"PropertyValueSpecification\",\"valueRequired\":true,\"valueName\":\"search_term_string\"}}],\"inLanguage\":\"de\"},{\"@type\":\"Organization\",\"@id\":\"https:\/\/hotelvillasandonino.it\/#organization\",\"name\":\"Villa San Donino\",\"url\":\"https:\/\/hotelvillasandonino.it\/\",\"logo\":{\"@type\":\"ImageObject\",\"inLanguage\":\"de\",\"@id\":\"https:\/\/hotelvillasandonino.it\/#\/schema\/logo\/image\/\",\"url\":\"https:\/\/hotelvillasandonino.it\/wp-content\/uploads\/2022\/01\/logo-villa-san-donino.png\",\"contentUrl\":\"https:\/\/hotelvillasandonino.it\/wp-content\/uploads\/2022\/01\/logo-villa-san-donino.png\",\"width\":200,\"height\":200,\"caption\":\"Villa San Donino\"},\"image\":{\"@id\":\"https:\/\/hotelvillasandonino.it\/#\/schema\/logo\/image\/\"}}]}<\/script>\n<!-- \/ Yoast SEO plugin. -->","yoast_head_json":{"title":"Kinder willkommen - Villa San Donino","robots":{"index":"index","follow":"follow","max-snippet":"max-snippet:-1","max-image-preview":"max-image-preview:large","max-video-preview":"max-video-preview:-1"},"canonical":"https:\/\/hotelvillasandonino.it\/hotel\/bambini-benvenuti\/","og_locale":"de_DE","og_type":"article","og_title":"Kinder willkommen - Villa San Donino","og_description":"[vc_row full_width=&#8220;stretch_row&#8220; css=&#8220;.vc_custom_1643626451270{background: #ffffff url(https:\/\/hotelvillasandonino.it\/wp-content\/uploads\/2022\/01\/bambini-1200&#215;350-1.jpg?id=226) !important;background-position: center !important;background-repeat: no-repeat !important;background-size: cover !important;}&#8220; min_height=&#8220;400px&#8220;][vc_column][vc_row_inner css=&#8220;.vc_custom_1643625620823{margin-top: 80px !important;}&#8220;][vc_column_inner width=&#8220;1\/3&#8243;][\/vc_column_inner][vc_column_inner el_class=&#8220;titolo&#8220; width=&#8220;1\/3&#8243; css=&#8220;.vc_custom_1643629598601{margin-top: 60px !important;}&#8220;][vc_column_text font_family=&#8220;Arial, Helvetica, sans-serif&#8220; color=&#8220;#ffffff&#8220; font_size=&#8220;30px&#8220; font_weight=&#8220;700&#8243; line_height=&#8220;30px&#8220; css=&#8220;.vc_custom_1643964492010{padding-top: 20px !important;padding-bottom: 20px !important;background-color: rgba(0,0,0,0.51) !important;*background-color: rgb(0,0,0) !important;}&#8220; el_class=&#8220;titolo&#8220;] Kinder willkommen [\/vc_column_text][\/vc_column_inner][vc_column_inner width=&#8220;1\/3&#8243;][\/vc_column_inner][\/vc_row_inner][\/vc_column][\/vc_row][vc_row css=&#8220;.vc_custom_1643629885039{margin-top: -40px !important;background-color: #ffffff !important;}&#8220; el_class=&#8220;corpo&#8220;][vc_column][vc_row_inner][vc_column_inner width=&#8220;7\/12&#8243;][vc_column_text css=&#8220;.vc_custom_1643964517539{margin-top: 40px !important;}&#8220; font_family=&#8220;Arial, Helvetica,&hellip;","og_url":"https:\/\/hotelvillasandonino.it\/hotel\/bambini-benvenuti\/","og_site_name":"Villa San Donino","article_modified_time":"2022-02-04T13:28:08+00:00","twitter_card":"summary_large_image","twitter_misc":{"Gesch\u00e4tzte Lesezeit":"3\u00a0Minuten"},"schema":{"@context":"https:\/\/schema.org","@graph":[{"@type":"WebPage","@id":"https:\/\/hotelvillasandonino.it\/hotel\/bambini-benvenuti\/","url":"https:\/\/hotelvillasandonino.it\/hotel\/bambini-benvenuti\/","name":"Kinder willkommen - Villa San Donino","isPartOf":{"@id":"https:\/\/hotelvillasandonino.it\/#website"},"datePublished":"2022-02-04T08:48:52+00:00","dateModified":"2022-02-04T13:28:08+00:00","breadcrumb":{"@id":"https:\/\/hotelvillasandonino.it\/hotel\/bambini-benvenuti\/#breadcrumb"},"inLanguage":"de","potentialAction":[{"@type":"ReadAction","target":["https:\/\/hotelvillasandonino.it\/hotel\/bambini-benvenuti\/"]}]},{"@type":"BreadcrumbList","@id":"https:\/\/hotelvillasandonino.it\/hotel\/bambini-benvenuti\/#breadcrumb","itemListElement":[{"@type":"ListItem","position":1,"name":"Home","item":"https:\/\/hotelvillasandonino.it\/"},{"@type":"ListItem","position":2,"name":"Der Hotel","item":"https:\/\/hotelvillasandonino.it\/hotel\/"},{"@type":"ListItem","position":3,"name":"Kinder willkommen"}]},{"@type":"WebSite","@id":"https:\/\/hotelvillasandonino.it\/#website","url":"https:\/\/hotelvillasandonino.it\/","name":"Villa San Donino","description":"","publisher":{"@id":"https:\/\/hotelvillasandonino.it\/#organization"},"potentialAction":[{"@type":"SearchAction","target":{"@type":"EntryPoint","urlTemplate":"https:\/\/hotelvillasandonino.it\/?s={search_term_string}"},"query-input":{"@type":"PropertyValueSpecification","valueRequired":true,"valueName":"search_term_string"}}],"inLanguage":"de"},{"@type":"Organization","@id":"https:\/\/hotelvillasandonino.it\/#organization","name":"Villa San Donino","url":"https:\/\/hotelvillasandonino.it\/","logo":{"@type":"ImageObject","inLanguage":"de","@id":"https:\/\/hotelvillasandonino.it\/#\/schema\/logo\/image\/","url":"https:\/\/hotelvillasandonino.it\/wp-content\/uploads\/2022\/01\/logo-villa-san-donino.png","contentUrl":"https:\/\/hotelvillasandonino.it\/wp-content\/uploads\/2022\/01\/logo-villa-san-donino.png","width":200,"height":200,"caption":"Villa San Donino"},"image":{"@id":"https:\/\/hotelvillasandonino.it\/#\/schema\/logo\/image\/"}}]}},"_links":{"self":[{"href":"https:\/\/hotelvillasandonino.it\/de\/wp-json\/wp\/v2\/pages\/691","targetHints":{"allow":["GET"]}}],"collection":[{"href":"https:\/\/hotelvillasandonino.it\/de\/wp-json\/wp\/v2\/pages"}],"about":[{"href":"https:\/\/hotelvillasandonino.it\/de\/wp-json\/wp\/v2\/types\/page"}],"author":[{"embeddable":true,"href":"https:\/\/hotelvillasandonino.it\/de\/wp-json\/wp\/v2\/users\/1"}],"replies":[{"embeddable":true,"href":"https:\/\/hotelvillasandonino.it\/de\/wp-json\/wp\/v2\/comments?post=691"}],"version-history":[{"count":4,"href":"https:\/\/hotelvillasandonino.it\/de\/wp-json\/wp\/v2\/pages\/691\/revisions"}],"predecessor-version":[{"id":864,"href":"https:\/\/hotelvillasandonino.it\/de\/wp-json\/wp\/v2\/pages\/691\/revisions\/864"}],"up":[{"embeddable":true,"href":"https:\/\/hotelvillasandonino.it\/de\/wp-json\/wp\/v2\/pages\/713"}],"wp:attachment":[{"href":"https:\/\/hotelvillasandonino.it\/de\/wp-json\/wp\/v2\/media?parent=691"}],"curies":[{"name":"wp","href":"https:\/\/api.w.org\/{rel}","templated":true}]}}