{"id":700,"date":"2022-02-04T09:56:08","date_gmt":"2022-02-04T08:56:08","guid":{"rendered":"https:\/\/hotelvillasandonino.it\/?page_id=700"},"modified":"2022-02-04T09:56:08","modified_gmt":"2022-02-04T08:56:08","slug":"der-restaurant","status":"publish","type":"page","link":"https:\/\/hotelvillasandonino.it\/de\/der-restaurant\/","title":{"rendered":"Der Restaurant"},"content":{"rendered":"[vc_row full_width=&#8220;stretch_row&#8220; css=&#8220;.vc_custom_1643627615703{background: #ffffff url(https:\/\/hotelvillasandonino.it\/wp-content\/uploads\/2022\/01\/accoglienza-1200&#215;300-1.jpg?id=257) !important;background-position: center !important;background-repeat: no-repeat !important;background-size: cover !important;}&#8220; min_height=&#8220;400px&#8220;][vc_column][vc_row_inner css=&#8220;.vc_custom_1643625620823{margin-top: 80px !important;}&#8220;][vc_column_inner width=&#8220;1\/6&#8243;][\/vc_column_inner][vc_column_inner el_class=&#8220;titolo&#8220; width=&#8220;2\/3&#8243; css=&#8220;.vc_custom_1643629710747{margin-top: 60px !important;}&#8220;][vc_column_text font_family=&#8220;Arial, Helvetica, sans-serif&#8220; color=&#8220;#ffffff&#8220; font_size=&#8220;30px&#8220; font_weight=&#8220;700&#8243; line_height=&#8220;30px&#8220; css=&#8220;.vc_custom_1643964849096{padding-top: 20px !important;padding-bottom: 20px !important;background-color: rgba(0,0,0,0.51) !important;*background-color: rgb(0,0,0) !important;}&#8220; el_class=&#8220;titolo&#8220;]\n<p style=\"text-align: center;\">Der Restaurant<\/p>\n[\/vc_column_text][\/vc_column_inner][vc_column_inner width=&#8220;1\/6&#8243;][\/vc_column_inner][\/vc_row_inner][\/vc_column][\/vc_row][vc_row css=&#8220;.vc_custom_1643629839566{margin-top: -40px !important;padding-top: 40px !important;background-color: #ffffff !important;}&#8220; el_class=&#8220;corpo&#8220;][vc_column][vc_column_text css=&#8220;.vc_custom_1643964876819{margin-top: 40px !important;}&#8220; font_family=&#8220;Arial, Helvetica, sans-serif&#8220; color=&#8220;#444444&#8243; font_size=&#8220;18px&#8220; font_weight=&#8220;400&#8243; line_height=&#8220;30px&#8220;]Offen f\u00fcr alle. Wir versuchen, so viel wie m\u00f6glich frische, hochwertige Zutaten zu verwenden und \u00e4ndern die Speisekarte je nach Verf\u00fcgbarkeit. F\u00fcr jeden Geschmack der richtige Ort! (Reservierung erforderlich)[\/vc_column_text]<div class=\"vcex-image-grid-wrap wpex-clr\"><div class=\"vcex-image-grid-css-wrapper vc_custom_1643639346661\"><div class=\"vcex-module vcex-image-grid wpex-clr grid-style-default wpex-row wpex-lightbox-group\"><div class=\"id-706 vcex-image-grid-entry vcex-grid-item textcenter span_1_of_3 col col-1\"><figure class=\"vcex-image-grid-entry-figure wpex-last-mb-0 wpex-clr\"><div class=\"vcex-image-grid-entry-img entry-media wpex-mb-20\"><a href=\"https:\/\/hotelvillasandonino.it\/wp-content\/uploads\/2022\/01\/1171_335909909870977_1289469515_n1.jpg\" class=\"vcex-image-grid-entry-img wpex-lightbox-group-item\" ><img decoding=\"async\" width=\"960\" height=\"716\" src=\"https:\/\/hotelvillasandonino.it\/wp-content\/uploads\/2022\/01\/1171_335909909870977_1289469515_n1.jpg\" class=\"wpex-align-middle\" alt=\"\" loading=\"lazy\" srcset=\"https:\/\/hotelvillasandonino.it\/wp-content\/uploads\/2022\/01\/1171_335909909870977_1289469515_n1.jpg 960w, https:\/\/hotelvillasandonino.it\/wp-content\/uploads\/2022\/01\/1171_335909909870977_1289469515_n1-300x224.jpg 300w, https:\/\/hotelvillasandonino.it\/wp-content\/uploads\/2022\/01\/1171_335909909870977_1289469515_n1-768x573.jpg 768w\" sizes=\"auto, (max-width: 960px) 100vw, 960px\" \/><\/a><\/div><\/figure><\/div><div class=\"id-707 vcex-image-grid-entry vcex-grid-item textcenter span_1_of_3 col col-2\"><figure class=\"vcex-image-grid-entry-figure wpex-last-mb-0 wpex-clr\"><div class=\"vcex-image-grid-entry-img entry-media wpex-mb-20\"><a href=\"https:\/\/hotelvillasandonino.it\/wp-content\/uploads\/2022\/01\/13245_329201730541795_1916397166_n2.jpg\" class=\"vcex-image-grid-entry-img wpex-lightbox-group-item\" ><img decoding=\"async\" width=\"960\" height=\"717\" src=\"https:\/\/hotelvillasandonino.it\/wp-content\/uploads\/2022\/01\/13245_329201730541795_1916397166_n2.jpg\" class=\"wpex-align-middle\" alt=\"\" loading=\"lazy\" srcset=\"https:\/\/hotelvillasandonino.it\/wp-content\/uploads\/2022\/01\/13245_329201730541795_1916397166_n2.jpg 960w, https:\/\/hotelvillasandonino.it\/wp-content\/uploads\/2022\/01\/13245_329201730541795_1916397166_n2-300x224.jpg 300w, https:\/\/hotelvillasandonino.it\/wp-content\/uploads\/2022\/01\/13245_329201730541795_1916397166_n2-768x574.jpg 768w\" sizes=\"auto, (max-width: 960px) 100vw, 960px\" \/><\/a><\/div><\/figure><\/div><div class=\"id-708 vcex-image-grid-entry vcex-grid-item textcenter span_1_of_3 col col-3\"><figure class=\"vcex-image-grid-entry-figure wpex-last-mb-0 wpex-clr\"><div class=\"vcex-image-grid-entry-img entry-media wpex-mb-20\"><a href=\"https:\/\/hotelvillasandonino.it\/wp-content\/uploads\/2022\/01\/292499_150681038393866_152231169_n1.jpg\" class=\"vcex-image-grid-entry-img wpex-lightbox-group-item\" ><img decoding=\"async\" width=\"640\" height=\"478\" src=\"https:\/\/hotelvillasandonino.it\/wp-content\/uploads\/2022\/01\/292499_150681038393866_152231169_n1.jpg\" class=\"wpex-align-middle\" alt=\"\" loading=\"lazy\" srcset=\"https:\/\/hotelvillasandonino.it\/wp-content\/uploads\/2022\/01\/292499_150681038393866_152231169_n1.jpg 640w, https:\/\/hotelvillasandonino.it\/wp-content\/uploads\/2022\/01\/292499_150681038393866_152231169_n1-300x224.jpg 300w\" sizes=\"auto, (max-width: 640px) 100vw, 640px\" \/><\/a><\/div><\/figure><\/div><div class=\"id-709 vcex-image-grid-entry vcex-grid-item textcenter span_1_of_3 col col-1\"><figure class=\"vcex-image-grid-entry-figure wpex-last-mb-0 wpex-clr\"><div class=\"vcex-image-grid-entry-img entry-media wpex-mb-20\"><a href=\"https:\/\/hotelvillasandonino.it\/wp-content\/uploads\/2022\/01\/527264_150681105060526_1066058147_n1.jpg\" class=\"vcex-image-grid-entry-img wpex-lightbox-group-item\" ><img decoding=\"async\" width=\"960\" height=\"717\" src=\"https:\/\/hotelvillasandonino.it\/wp-content\/uploads\/2022\/01\/527264_150681105060526_1066058147_n1.jpg\" class=\"wpex-align-middle\" alt=\"\" loading=\"lazy\" srcset=\"https:\/\/hotelvillasandonino.it\/wp-content\/uploads\/2022\/01\/527264_150681105060526_1066058147_n1.jpg 960w, https:\/\/hotelvillasandonino.it\/wp-content\/uploads\/2022\/01\/527264_150681105060526_1066058147_n1-300x224.jpg 300w, https:\/\/hotelvillasandonino.it\/wp-content\/uploads\/2022\/01\/527264_150681105060526_1066058147_n1-768x574.jpg 768w\" sizes=\"auto, (max-width: 960px) 100vw, 960px\" \/><\/a><\/div><\/figure><\/div><div class=\"id-710 vcex-image-grid-entry vcex-grid-item textcenter span_1_of_3 col col-2\"><figure class=\"vcex-image-grid-entry-figure wpex-last-mb-0 wpex-clr\"><div class=\"vcex-image-grid-entry-img entry-media wpex-mb-20\"><a href=\"https:\/\/hotelvillasandonino.it\/wp-content\/uploads\/2022\/01\/601110_335908696537765_1997438038_n1.jpg\" class=\"vcex-image-grid-entry-img wpex-lightbox-group-item\" ><img decoding=\"async\" width=\"960\" height=\"716\" src=\"https:\/\/hotelvillasandonino.it\/wp-content\/uploads\/2022\/01\/601110_335908696537765_1997438038_n1.jpg\" class=\"wpex-align-middle\" alt=\"\" loading=\"lazy\" srcset=\"https:\/\/hotelvillasandonino.it\/wp-content\/uploads\/2022\/01\/601110_335908696537765_1997438038_n1.jpg 960w, https:\/\/hotelvillasandonino.it\/wp-content\/uploads\/2022\/01\/601110_335908696537765_1997438038_n1-300x224.jpg 300w, https:\/\/hotelvillasandonino.it\/wp-content\/uploads\/2022\/01\/601110_335908696537765_1997438038_n1-768x573.jpg 768w\" sizes=\"auto, (max-width: 960px) 100vw, 960px\" \/><\/a><\/div><\/figure><\/div><div class=\"id-711 vcex-image-grid-entry vcex-grid-item textcenter span_1_of_3 col col-3\"><figure class=\"vcex-image-grid-entry-figure wpex-last-mb-0 wpex-clr\"><div class=\"vcex-image-grid-entry-img entry-media wpex-mb-20\"><a href=\"https:\/\/hotelvillasandonino.it\/wp-content\/uploads\/2022\/01\/523425_150681181727185_362838523_n2.jpg\" class=\"vcex-image-grid-entry-img wpex-lightbox-group-item\" ><img decoding=\"async\" width=\"960\" height=\"717\" src=\"https:\/\/hotelvillasandonino.it\/wp-content\/uploads\/2022\/01\/523425_150681181727185_362838523_n2.jpg\" class=\"wpex-align-middle\" alt=\"\" loading=\"lazy\" srcset=\"https:\/\/hotelvillasandonino.it\/wp-content\/uploads\/2022\/01\/523425_150681181727185_362838523_n2.jpg 960w, https:\/\/hotelvillasandonino.it\/wp-content\/uploads\/2022\/01\/523425_150681181727185_362838523_n2-300x224.jpg 300w, https:\/\/hotelvillasandonino.it\/wp-content\/uploads\/2022\/01\/523425_150681181727185_362838523_n2-768x574.jpg 768w\" sizes=\"auto, (max-width: 960px) 100vw, 960px\" \/><\/a><\/div><\/figure><\/div><\/div><\/div><\/div>[vc_column_text css=&#8220;.vc_custom_1643964893417{margin-top: 40px !important;}&#8220; font_family=&#8220;Arial, Helvetica, sans-serif&#8220; color=&#8220;#444444&#8243; font_size=&#8220;12px&#8220; font_weight=&#8220;400&#8243; line_height=&#8220;20px&#8220;]Unser Ziel ist es nicht, Menschen zu ern\u00e4hren, sondern eine Mahlzeit zu servieren, die unsere G\u00e4ste nie vergessen werden. Wir m\u00f6chten, dass der Kunde nach Hause in seine Stadt geht und \u00fcber Villa San Donino spricht.<\/p>\n<p>Die sorgf\u00e4ltige und hochwertige K\u00fcche erm\u00f6glicht es Ihnen, die traditionellsten Aromen unseres Landes zu probieren, ohne nationale und internationale Spezialit\u00e4ten zu vernachl\u00e4ssigen, und der Tisch wird sofort mit frisch gebackenem hei\u00dfem Brot aus der K\u00fcche bereichert.<br \/>\nUnsere K\u00f6che lassen sich von den feinen Speisen und Weinprodukten unseres Bauernhofs inspirieren, bearbeiten sie mit Raffinesse und Kreativit\u00e4t und kreieren einzigartige und gesunde Gerichte f\u00fcr verschiedene Anl\u00e4sse.<\/p>\n<p>Der akkurate Service verbindet Professionalit\u00e4t und Diskretion, w\u00e4hrend er einen herzlichen famili\u00e4ren Kontext aufrechterh\u00e4lt. Handgemachte Pasta, Chianine-Fleisch oder frischer Fisch, richtig zubereitet und mit extra nativem Oliven\u00f6l aus unserem Weingut betr\u00e4ufelt, werden von einer Auswahl an Weinen begleitet, die von unseren Sommeliers zusammengestellt wurden.<br \/>\nF\u00fcr Liebhaber und Kenner von Milchprodukten gibt es Ziegensorten, frischen und gereiften K\u00e4se aus lokaler Produktion, kombiniert mit verschiedenen Honig- und Senfsorten, die von uns streng hergestellt werden.<\/p>\n<p>Unsere Desserts, alle hausgemacht, sind ein Genuss von Aromen und Geschmacksrichtungen, die durch hochwertige Spirituosen, Whisky und Cognac, Calvados und Armagnac verst\u00e4rkt werden\u2026.<br \/>\nEs ist auch m\u00f6glich, in der N\u00e4he des Pools zu essen.[\/vc_column_text][vc_column_text css=&#8220;.vc_custom_1643964907039{margin-top: 40px !important;}&#8220; font_family=&#8220;Arial, Helvetica, sans-serif&#8220; color=&#8220;#444444&#8243; font_size=&#8220;12px&#8220; font_weight=&#8220;700&#8243; line_height=&#8220;20px&#8220;]\n<h3>Spezielle Di\u00e4ten<\/h3>\n[\/vc_column_text][vc_column_text css=&#8220;.vc_custom_1643964922136{margin-top: 40px !important;}&#8220; font_family=&#8220;Arial, Helvetica, sans-serif&#8220; color=&#8220;#444444&#8243; font_size=&#8220;12px&#8220; font_weight=&#8220;400&#8243; line_height=&#8220;20px&#8220;]Was auch immer Ihre Essgewohnheiten sind, im Restaurant \u201eVilla San Donino\u201c werden wir nicht \u00fcberrascht.<br \/>\nOb Sie Vegetarier oder Veganer sind, ob Sie Z\u00f6liakie, Diabetiker oder einfach nur eine kalorienarme Di\u00e4t einhalten m\u00fcssen, unsere Mitarbeiter k\u00f6nnen Ihnen das Men\u00fc anbieten, das Ihren Bed\u00fcrfnissen entspricht, und ma\u00dfgeschneiderte Gerichte kreieren, die die Gesundheit f\u00f6rdern und Gaumen zusammen. .[\/vc_column_text][vc_column_text css=&#8220;.vc_custom_1643964942896{margin-top: 40px !important;}&#8220; font_family=&#8220;Arial, Helvetica, sans-serif&#8220; color=&#8220;#444444&#8243; font_size=&#8220;12px&#8220; font_weight=&#8220;700&#8243; line_height=&#8220;20px&#8220;]\n<h3>F\u00fcr Kinder<\/h3>\n[\/vc_column_text][vc_column_text css=&#8220;.vc_custom_1643964958370{margin-top: 40px !important;}&#8220; font_family=&#8220;Arial, Helvetica, sans-serif&#8220; color=&#8220;#444444&#8243; font_size=&#8220;12px&#8220; font_weight=&#8220;400&#8243; line_height=&#8220;20px&#8220;]Eltern f\u00e4llt es allzu oft schwer, den Geschmack ihrer Kinder einzusch\u00e4tzen.<br \/>\nEs ist uns ein besonderes Anliegen, besondere Men\u00fcs zu kreieren und das Essen Ihrer Kinder zu einem Anlass der Freude zu machen.<br \/>\nAuf der Speisekarte stehen gesunde und ausgewogene Mahlzeiten, die jedoch auf unterhaltsame Weise in Form von &#8222;Food-Play&#8220; angeboten werden. Wundern Sie sich also nicht, wenn Ihr Kind Sie um eine weitere Portion bittet!<br \/>\nWir garantieren den Erfolg, wir garantieren maximales Engagement, Fantasie und\u2026 Einsparungen![\/vc_column_text]<div class=\"vcex-module wpex-carousel wpex-carousel-images wpex-clr owl-carousel arrwstyle-default\" data-wpex-carousel=\"{&quot;nav&quot;:true,&quot;dots&quot;:false,&quot;autoplay&quot;:false,&quot;loop&quot;:true,&quot;center&quot;:false,&quot;smartSpeed&quot;:250,&quot;items&quot;:2,&quot;slideBy&quot;:1,&quot;autoplayTimeout&quot;:5000,&quot;margin&quot;:15,&quot;itemsTablet&quot;:3,&quot;itemsMobileLandscape&quot;:2,&quot;itemsMobilePortrait&quot;:1,&quot;autoWidth&quot;:false,&quot;autoHeight&quot;:false}\"><div class=\"wpex-carousel-slide vc_custom_1643627635855\"><figure class=\"wpex-carousel-entry-media entry-media\"><img loading=\"lazy\" decoding=\"async\" width=\"420\" height=\"150\" src=\"https:\/\/hotelvillasandonino.it\/wp-content\/uploads\/2022\/01\/ristorante1-420x150-1.jpg\" class=\"wpex-align-middle skip-lazy\" alt=\"\" data-no-lazy=\"1\" srcset=\"https:\/\/hotelvillasandonino.it\/wp-content\/uploads\/2022\/01\/ristorante1-420x150-1.jpg 420w, https:\/\/hotelvillasandonino.it\/wp-content\/uploads\/2022\/01\/ristorante1-420x150-1-300x107.jpg 300w\" sizes=\"auto, (max-width: 420px) 100vw, 420px\" \/><\/figure><\/div><div class=\"wpex-carousel-slide vc_custom_1643627635855\"><figure class=\"wpex-carousel-entry-media entry-media\"><img loading=\"lazy\" decoding=\"async\" width=\"420\" height=\"150\" src=\"https:\/\/hotelvillasandonino.it\/wp-content\/uploads\/2022\/01\/ristorante2-420x150-1.jpg\" class=\"wpex-align-middle skip-lazy\" alt=\"\" data-no-lazy=\"1\" srcset=\"https:\/\/hotelvillasandonino.it\/wp-content\/uploads\/2022\/01\/ristorante2-420x150-1.jpg 420w, https:\/\/hotelvillasandonino.it\/wp-content\/uploads\/2022\/01\/ristorante2-420x150-1-300x107.jpg 300w\" sizes=\"auto, (max-width: 420px) 100vw, 420px\" \/><\/figure><\/div><div class=\"wpex-carousel-slide vc_custom_1643627635855\"><figure class=\"wpex-carousel-entry-media entry-media\"><img loading=\"lazy\" decoding=\"async\" width=\"420\" height=\"150\" src=\"https:\/\/hotelvillasandonino.it\/wp-content\/uploads\/2022\/01\/ristorante3-420x150-1.jpg\" class=\"wpex-align-middle skip-lazy\" alt=\"\" data-no-lazy=\"1\" srcset=\"https:\/\/hotelvillasandonino.it\/wp-content\/uploads\/2022\/01\/ristorante3-420x150-1.jpg 420w, https:\/\/hotelvillasandonino.it\/wp-content\/uploads\/2022\/01\/ristorante3-420x150-1-300x107.jpg 300w\" sizes=\"auto, (max-width: 420px) 100vw, 420px\" \/><\/figure><\/div><\/div>[\/vc_column][\/vc_row]\n","protected":false},"excerpt":{"rendered":"<p>[vc_row full_width=&#8220;stretch_row&#8220; css=&#8220;.vc_custom_1643627615703{background: #ffffff url(https:\/\/hotelvillasandonino.it\/wp-content\/uploads\/2022\/01\/accoglienza-1200&#215;300-1.jpg?id=257) !important;background-position: center !important;background-repeat: no-repeat !important;background-size: cover !important;}&#8220; min_height=&#8220;400px&#8220;][vc_column][vc_row_inner css=&#8220;.vc_custom_1643625620823{margin-top: 80px !important;}&#8220;][vc_column_inner width=&#8220;1\/6&#8243;][\/vc_column_inner][vc_column_inner el_class=&#8220;titolo&#8220; width=&#8220;2\/3&#8243; css=&#8220;.vc_custom_1643629710747{margin-top: 60px !important;}&#8220;][vc_column_text font_family=&#8220;Arial, Helvetica, sans-serif&#8220; color=&#8220;#ffffff&#8220; font_size=&#8220;30px&#8220; font_weight=&#8220;700&#8243; line_height=&#8220;30px&#8220; css=&#8220;.vc_custom_1643964849096{padding-top: 20px !important;padding-bottom: 20px !important;background-color: rgba(0,0,0,0.51) !important;*background-color: rgb(0,0,0) !important;}&#8220; el_class=&#8220;titolo&#8220;] Der Restaurant [\/vc_column_text][\/vc_column_inner][vc_column_inner width=&#8220;1\/6&#8243;][\/vc_column_inner][\/vc_row_inner][\/vc_column][\/vc_row][vc_row css=&#8220;.vc_custom_1643629839566{margin-top: -40px !important;padding-top: 40px !important;background-color: #ffffff !important;}&#8220; el_class=&#8220;corpo&#8220;][vc_column][vc_column_text css=&#8220;.vc_custom_1643964876819{margin-top: 40px !important;}&#8220; font_family=&#8220;Arial,&hellip;<\/p>\n","protected":false},"author":1,"featured_media":0,"parent":0,"menu_order":0,"comment_status":"closed","ping_status":"closed","template":"","meta":{"footnotes":""},"class_list":["post-700","page","type-page","status-publish","hentry","entry","no-media"],"yoast_head":"<!-- This site is optimized with the Yoast SEO plugin v26.7 - https:\/\/yoast.com\/wordpress\/plugins\/seo\/ -->\n<title>Der Restaurant - Villa San Donino<\/title>\n<meta name=\"robots\" content=\"index, follow, max-snippet:-1, max-image-preview:large, max-video-preview:-1\" \/>\n<link rel=\"canonical\" href=\"https:\/\/hotelvillasandonino.it\/ristorante\/\" \/>\n<meta property=\"og:locale\" content=\"de_DE\" \/>\n<meta property=\"og:type\" content=\"article\" \/>\n<meta property=\"og:title\" content=\"Der Restaurant - Villa San Donino\" \/>\n<meta property=\"og:description\" content=\"[vc_row full_width=&#8220;stretch_row&#8220; css=&#8220;.vc_custom_1643627615703{background: #ffffff url(https:\/\/hotelvillasandonino.it\/wp-content\/uploads\/2022\/01\/accoglienza-1200&#215;300-1.jpg?id=257) !important;background-position: center !important;background-repeat: no-repeat !important;background-size: cover !important;}&#8220; min_height=&#8220;400px&#8220;][vc_column][vc_row_inner css=&#8220;.vc_custom_1643625620823{margin-top: 80px !important;}&#8220;][vc_column_inner width=&#8220;1\/6&#8243;][\/vc_column_inner][vc_column_inner el_class=&#8220;titolo&#8220; width=&#8220;2\/3&#8243; css=&#8220;.vc_custom_1643629710747{margin-top: 60px !important;}&#8220;][vc_column_text font_family=&#8220;Arial, Helvetica, sans-serif&#8220; color=&#8220;#ffffff&#8220; font_size=&#8220;30px&#8220; font_weight=&#8220;700&#8243; line_height=&#8220;30px&#8220; css=&#8220;.vc_custom_1643964849096{padding-top: 20px !important;padding-bottom: 20px !important;background-color: rgba(0,0,0,0.51) !important;*background-color: rgb(0,0,0) !important;}&#8220; el_class=&#8220;titolo&#8220;] Der Restaurant [\/vc_column_text][\/vc_column_inner][vc_column_inner width=&#8220;1\/6&#8243;][\/vc_column_inner][\/vc_row_inner][\/vc_column][\/vc_row][vc_row css=&#8220;.vc_custom_1643629839566{margin-top: -40px !important;padding-top: 40px !important;background-color: #ffffff !important;}&#8220; el_class=&#8220;corpo&#8220;][vc_column][vc_column_text css=&#8220;.vc_custom_1643964876819{margin-top: 40px !important;}&#8220; font_family=&#8220;Arial,&hellip;\" \/>\n<meta property=\"og:url\" content=\"https:\/\/hotelvillasandonino.it\/ristorante\/\" \/>\n<meta property=\"og:site_name\" content=\"Villa San Donino\" \/>\n<meta name=\"twitter:card\" content=\"summary_large_image\" \/>\n<meta name=\"twitter:label1\" content=\"Gesch\u00e4tzte Lesezeit\" \/>\n\t<meta name=\"twitter:data1\" content=\"4\u00a0Minuten\" \/>\n<script type=\"application\/ld+json\" class=\"yoast-schema-graph\">{\"@context\":\"https:\/\/schema.org\",\"@graph\":[{\"@type\":\"WebPage\",\"@id\":\"https:\/\/hotelvillasandonino.it\/ristorante\/\",\"url\":\"https:\/\/hotelvillasandonino.it\/ristorante\/\",\"name\":\"Der Restaurant - Villa San Donino\",\"isPartOf\":{\"@id\":\"https:\/\/hotelvillasandonino.it\/#website\"},\"datePublished\":\"2022-02-04T08:56:08+00:00\",\"breadcrumb\":{\"@id\":\"https:\/\/hotelvillasandonino.it\/ristorante\/#breadcrumb\"},\"inLanguage\":\"de\",\"potentialAction\":[{\"@type\":\"ReadAction\",\"target\":[\"https:\/\/hotelvillasandonino.it\/ristorante\/\"]}]},{\"@type\":\"BreadcrumbList\",\"@id\":\"https:\/\/hotelvillasandonino.it\/ristorante\/#breadcrumb\",\"itemListElement\":[{\"@type\":\"ListItem\",\"position\":1,\"name\":\"Home\",\"item\":\"https:\/\/hotelvillasandonino.it\/\"},{\"@type\":\"ListItem\",\"position\":2,\"name\":\"Der Restaurant\"}]},{\"@type\":\"WebSite\",\"@id\":\"https:\/\/hotelvillasandonino.it\/#website\",\"url\":\"https:\/\/hotelvillasandonino.it\/\",\"name\":\"Villa San Donino\",\"description\":\"\",\"publisher\":{\"@id\":\"https:\/\/hotelvillasandonino.it\/#organization\"},\"potentialAction\":[{\"@type\":\"SearchAction\",\"target\":{\"@type\":\"EntryPoint\",\"urlTemplate\":\"https:\/\/hotelvillasandonino.it\/?s={search_term_string}\"},\"query-input\":{\"@type\":\"PropertyValueSpecification\",\"valueRequired\":true,\"valueName\":\"search_term_string\"}}],\"inLanguage\":\"de\"},{\"@type\":\"Organization\",\"@id\":\"https:\/\/hotelvillasandonino.it\/#organization\",\"name\":\"Villa San Donino\",\"url\":\"https:\/\/hotelvillasandonino.it\/\",\"logo\":{\"@type\":\"ImageObject\",\"inLanguage\":\"de\",\"@id\":\"https:\/\/hotelvillasandonino.it\/#\/schema\/logo\/image\/\",\"url\":\"https:\/\/hotelvillasandonino.it\/wp-content\/uploads\/2022\/01\/logo-villa-san-donino.png\",\"contentUrl\":\"https:\/\/hotelvillasandonino.it\/wp-content\/uploads\/2022\/01\/logo-villa-san-donino.png\",\"width\":200,\"height\":200,\"caption\":\"Villa San Donino\"},\"image\":{\"@id\":\"https:\/\/hotelvillasandonino.it\/#\/schema\/logo\/image\/\"}}]}<\/script>\n<!-- \/ Yoast SEO plugin. -->","yoast_head_json":{"title":"Der Restaurant - Villa San Donino","robots":{"index":"index","follow":"follow","max-snippet":"max-snippet:-1","max-image-preview":"max-image-preview:large","max-video-preview":"max-video-preview:-1"},"canonical":"https:\/\/hotelvillasandonino.it\/ristorante\/","og_locale":"de_DE","og_type":"article","og_title":"Der Restaurant - Villa San Donino","og_description":"[vc_row full_width=&#8220;stretch_row&#8220; css=&#8220;.vc_custom_1643627615703{background: #ffffff url(https:\/\/hotelvillasandonino.it\/wp-content\/uploads\/2022\/01\/accoglienza-1200&#215;300-1.jpg?id=257) !important;background-position: center !important;background-repeat: no-repeat !important;background-size: cover !important;}&#8220; min_height=&#8220;400px&#8220;][vc_column][vc_row_inner css=&#8220;.vc_custom_1643625620823{margin-top: 80px !important;}&#8220;][vc_column_inner width=&#8220;1\/6&#8243;][\/vc_column_inner][vc_column_inner el_class=&#8220;titolo&#8220; width=&#8220;2\/3&#8243; css=&#8220;.vc_custom_1643629710747{margin-top: 60px !important;}&#8220;][vc_column_text font_family=&#8220;Arial, Helvetica, sans-serif&#8220; color=&#8220;#ffffff&#8220; font_size=&#8220;30px&#8220; font_weight=&#8220;700&#8243; line_height=&#8220;30px&#8220; css=&#8220;.vc_custom_1643964849096{padding-top: 20px !important;padding-bottom: 20px !important;background-color: rgba(0,0,0,0.51) !important;*background-color: rgb(0,0,0) !important;}&#8220; el_class=&#8220;titolo&#8220;] Der Restaurant [\/vc_column_text][\/vc_column_inner][vc_column_inner width=&#8220;1\/6&#8243;][\/vc_column_inner][\/vc_row_inner][\/vc_column][\/vc_row][vc_row css=&#8220;.vc_custom_1643629839566{margin-top: -40px !important;padding-top: 40px !important;background-color: #ffffff !important;}&#8220; el_class=&#8220;corpo&#8220;][vc_column][vc_column_text css=&#8220;.vc_custom_1643964876819{margin-top: 40px !important;}&#8220; font_family=&#8220;Arial,&hellip;","og_url":"https:\/\/hotelvillasandonino.it\/ristorante\/","og_site_name":"Villa San Donino","twitter_card":"summary_large_image","twitter_misc":{"Gesch\u00e4tzte Lesezeit":"4\u00a0Minuten"},"schema":{"@context":"https:\/\/schema.org","@graph":[{"@type":"WebPage","@id":"https:\/\/hotelvillasandonino.it\/ristorante\/","url":"https:\/\/hotelvillasandonino.it\/ristorante\/","name":"Der Restaurant - Villa San Donino","isPartOf":{"@id":"https:\/\/hotelvillasandonino.it\/#website"},"datePublished":"2022-02-04T08:56:08+00:00","breadcrumb":{"@id":"https:\/\/hotelvillasandonino.it\/ristorante\/#breadcrumb"},"inLanguage":"de","potentialAction":[{"@type":"ReadAction","target":["https:\/\/hotelvillasandonino.it\/ristorante\/"]}]},{"@type":"BreadcrumbList","@id":"https:\/\/hotelvillasandonino.it\/ristorante\/#breadcrumb","itemListElement":[{"@type":"ListItem","position":1,"name":"Home","item":"https:\/\/hotelvillasandonino.it\/"},{"@type":"ListItem","position":2,"name":"Der Restaurant"}]},{"@type":"WebSite","@id":"https:\/\/hotelvillasandonino.it\/#website","url":"https:\/\/hotelvillasandonino.it\/","name":"Villa San Donino","description":"","publisher":{"@id":"https:\/\/hotelvillasandonino.it\/#organization"},"potentialAction":[{"@type":"SearchAction","target":{"@type":"EntryPoint","urlTemplate":"https:\/\/hotelvillasandonino.it\/?s={search_term_string}"},"query-input":{"@type":"PropertyValueSpecification","valueRequired":true,"valueName":"search_term_string"}}],"inLanguage":"de"},{"@type":"Organization","@id":"https:\/\/hotelvillasandonino.it\/#organization","name":"Villa San Donino","url":"https:\/\/hotelvillasandonino.it\/","logo":{"@type":"ImageObject","inLanguage":"de","@id":"https:\/\/hotelvillasandonino.it\/#\/schema\/logo\/image\/","url":"https:\/\/hotelvillasandonino.it\/wp-content\/uploads\/2022\/01\/logo-villa-san-donino.png","contentUrl":"https:\/\/hotelvillasandonino.it\/wp-content\/uploads\/2022\/01\/logo-villa-san-donino.png","width":200,"height":200,"caption":"Villa San Donino"},"image":{"@id":"https:\/\/hotelvillasandonino.it\/#\/schema\/logo\/image\/"}}]}},"_links":{"self":[{"href":"https:\/\/hotelvillasandonino.it\/de\/wp-json\/wp\/v2\/pages\/700","targetHints":{"allow":["GET"]}}],"collection":[{"href":"https:\/\/hotelvillasandonino.it\/de\/wp-json\/wp\/v2\/pages"}],"about":[{"href":"https:\/\/hotelvillasandonino.it\/de\/wp-json\/wp\/v2\/types\/page"}],"author":[{"embeddable":true,"href":"https:\/\/hotelvillasandonino.it\/de\/wp-json\/wp\/v2\/users\/1"}],"replies":[{"embeddable":true,"href":"https:\/\/hotelvillasandonino.it\/de\/wp-json\/wp\/v2\/comments?post=700"}],"version-history":[{"count":2,"href":"https:\/\/hotelvillasandonino.it\/de\/wp-json\/wp\/v2\/pages\/700\/revisions"}],"predecessor-version":[{"id":712,"href":"https:\/\/hotelvillasandonino.it\/de\/wp-json\/wp\/v2\/pages\/700\/revisions\/712"}],"wp:attachment":[{"href":"https:\/\/hotelvillasandonino.it\/de\/wp-json\/wp\/v2\/media?parent=700"}],"curies":[{"name":"wp","href":"https:\/\/api.w.org\/{rel}","templated":true}]}}