{"id":736,"date":"2022-02-04T10:06:29","date_gmt":"2022-02-04T09:06:29","guid":{"rendered":"https:\/\/hotelvillasandonino.it\/?page_id=736"},"modified":"2022-02-04T10:06:29","modified_gmt":"2022-02-04T09:06:29","slug":"hochzeiten-und-empfaenge","status":"publish","type":"page","link":"https:\/\/hotelvillasandonino.it\/de\/hochzeiten-und-empfaenge\/","title":{"rendered":"Hochzeiten und Empf\u00e4nge"},"content":{"rendered":"[vc_row full_width=&#8220;stretch_row&#8220; css=&#8220;.vc_custom_1643628091739{background: #ffffff url(https:\/\/hotelvillasandonino.it\/wp-content\/uploads\/2022\/01\/matrimoni-1200&#215;300-1.jpg?id=264) !important;background-position: center !important;background-repeat: no-repeat !important;background-size: cover !important;}&#8220; min_height=&#8220;400px&#8220;][vc_column][vc_row_inner css=&#8220;.vc_custom_1643625620823{margin-top: 80px !important;}&#8220;][vc_column_inner width=&#8220;1\/4&#8243;][\/vc_column_inner][vc_column_inner el_class=&#8220;titolo&#8220; width=&#8220;1\/2&#8243; css=&#8220;.vc_custom_1643629671625{margin-top: 60px !important;}&#8220;][vc_column_text font_family=&#8220;Arial, Helvetica, sans-serif&#8220; color=&#8220;#ffffff&#8220; font_size=&#8220;30px&#8220; font_weight=&#8220;700&#8243; line_height=&#8220;30px&#8220; css=&#8220;.vc_custom_1643965302752{padding-top: 20px !important;padding-bottom: 20px !important;background-color: rgba(0,0,0,0.51) !important;*background-color: rgb(0,0,0) !important;}&#8220; el_class=&#8220;titolo&#8220;]\n<p style=\"text-align: center;\">Hochzeiten und Empf\u00e4nge<\/p>\n[\/vc_column_text][\/vc_column_inner][vc_column_inner width=&#8220;1\/4&#8243;][\/vc_column_inner][\/vc_row_inner][\/vc_column][\/vc_row][vc_row css=&#8220;.vc_custom_1643629818273{margin-top: -40px !important;padding-top: 40px !important;background-color: #ffffff !important;}&#8220; el_class=&#8220;corpo&#8220;][vc_column][vc_column_text css=&#8220;.vc_custom_1643965359961{margin-top: 40px !important;}&#8220; font_family=&#8220;Arial, Helvetica, sans-serif&#8220; color=&#8220;#444444&#8243; font_size=&#8220;12px&#8220; font_weight=&#8220;400&#8243; line_height=&#8220;20px&#8220;]Ob es der\u00a0<strong>Tag des \u201cJa\u201d<\/strong>\u00a0oder ein besonderes\u00a0<strong>Jubil\u00e4um<\/strong>, eine\u00a0<strong>Abschlussfeier<\/strong>\u00a0oder ein\u00a0<strong>Geburtstag<\/strong>\u00a0ist, wird, wenn sie von\u00a0<strong>Hotel Villa San Donino<\/strong>\u00a0organisiert erhalten weiterhin eine\u00a0<strong>Garantie f\u00fcr den Erfolg<\/strong>.<\/p>\n<p>Villa San Donino hat verschiedene\u00a0<strong>Zimmer und Lounges f\u00fcr Empf\u00e4nge<\/strong>, kann und\u00a0<strong>Platz f\u00fcr bis zu 250 G\u00e4ste<\/strong>.<br \/>\nVon Juni bis September k\u00f6nnen Sie Ereignisse in der offenen organisieren, unter eleganten modularen Bodenbel\u00e4ge, wunderbare Stoffe, Vorh\u00e4nge und schmiedeeiserne Kronleuchter.<\/p>\n<p>Herzlicher Empfang. professionelle, aufmerksame\u00a0<strong>Personal<\/strong>,\u00a0<strong>Diskretion<\/strong>, sind die\u00a0<strong>Visitenkart<\/strong>e der Villa San Donino in der Lage, die perfekte Party zu garantieren.[\/vc_column_text][vc_column_text css=&#8220;.vc_custom_1643965370023{margin-top: 40px !important;}&#8220; font_family=&#8220;Arial, Helvetica, sans-serif&#8220; color=&#8220;#444444&#8243; font_size=&#8220;12px&#8220; font_weight=&#8220;700&#8243; line_height=&#8220;20px&#8220;]\n<h3>Bankett all Custom<\/h3>\n[\/vc_column_text][vc_column_text css=&#8220;.vc_custom_1643965384249{margin-top: 40px !important;}&#8220; font_family=&#8220;Arial, Helvetica, sans-serif&#8220; color=&#8220;#444444&#8243; font_size=&#8220;12px&#8220; font_weight=&#8220;400&#8243; line_height=&#8220;20px&#8220;]F\u00fcr ein\u00a0<strong>personalisiertes Men\u00fc<\/strong>, exklusive und geeignete Anlass, werden Sie von unseren K\u00f6chen und Konditoren unterst\u00fctzt werden, die jedes Jahr neue Designs zu entwickeln, die begeistern und verzaubern unsere Kunden.<br \/>\nGerichte mit zeitgen\u00f6ssischen Formen und Strukturen, die Tradition zu interpretieren, die Anpassung an die Bed\u00fcrfnisse und neue Trends sind Ausdruck eines Augenblicks, ein Wunsch, eine Saison.<br \/>\nStyle Service Hotel Villa San Donino[\/vc_column_text][vc_column_text css=&#8220;.vc_custom_1643965397479{margin-top: 40px !important;}&#8220; font_family=&#8220;Arial, Helvetica, sans-serif&#8220; color=&#8220;#444444&#8243; font_size=&#8220;12px&#8220; font_weight=&#8220;700&#8243; line_height=&#8220;20px&#8220;]\n<h3>K\u00fcche<\/h3>\n[\/vc_column_text][vc_column_text css=&#8220;.vc_custom_1643965407961{margin-top: 40px !important;}&#8220; font_family=&#8220;Arial, Helvetica, sans-serif&#8220; color=&#8220;#444444&#8243; font_size=&#8220;12px&#8220; font_weight=&#8220;400&#8243; line_height=&#8220;20px&#8220;]Alle fertigen Produkte sind frisch und top Qualit\u00e4t, ausschlie\u00dflich vor Ort vorbereitet. Unsere K\u00fcche ist typisch mediterran, gew\u00fcrzt mit einem Hauch von Kreativit\u00e4t, Raffinesse und Phantasie, die es einzigartig in seiner Art zu machen.[\/vc_column_text][vc_column_text css=&#8220;.vc_custom_1643965418527{margin-top: 40px !important;}&#8220; font_family=&#8220;Arial, Helvetica, sans-serif&#8220; color=&#8220;#444444&#8243; font_size=&#8220;12px&#8220; font_weight=&#8220;700&#8243; line_height=&#8220;20px&#8220;]\n<h3>Begr\u00fc\u00dfungsgetr\u00e4nk und Fingerfood<\/h3>\n[\/vc_column_text][vc_column_text css=&#8220;.vc_custom_1643965429952{margin-top: 40px !important;margin-bottom: 40px !important;}&#8220; font_family=&#8220;Arial, Helvetica, sans-serif&#8220; color=&#8220;#444444&#8243; font_size=&#8220;12px&#8220; font_weight=&#8220;400&#8243; line_height=&#8220;20px&#8220;]Der Empfang wird mit einem\u00a0<strong>reichhaltigen Aperol\u00a0 und Buffet beginnen<\/strong>, stimmte der Ehegatten je nach Saison und Vorlieben.<br \/>\nBegr\u00fc\u00dfung, \u00fcppig, reich, eine Hymne an die Tradition, wo Aromen und Geschmacksrichtungen spielen, um Ihren Gaumen mit den K\u00f6chen, die erkl\u00e4ren, zu unterhalten und zu offenbaren Geheimnisse ihrer Kunst.<br \/>\nInterpretation\u00a0<strong>Ihrer Pers\u00f6nlichkeit<\/strong>, schlagen wir die\u00a0<strong>Men\u00fcs eher klassisch<\/strong>\u00a0und formal bis hin zu modernen und experimentell.<br \/>\nFr\u00fchst\u00fccksbuffet werden Sie in eine Tasse zu finden, ein L\u00f6ffel bereit, Waffeln und warmen und kalten Tassen elegant zu genie\u00dfen mono Teile leicht zug\u00e4nglich, ohne Platten oder Gabeln.<br \/>\nTradition des Geschmacks Vorschlags durch die modernen Kreationen unserer K\u00f6che bereiten eine Tabelle oder eine volle Mahlzeit in einer anderen Weise, spannend und k\u00f6stlich.[\/vc_column_text][vc_column_text css=&#8220;.vc_custom_1643965445424{margin-top: 40px !important;}&#8220; font_family=&#8220;Arial, Helvetica, sans-serif&#8220; color=&#8220;#444444&#8243; font_size=&#8220;12px&#8220; font_weight=&#8220;700&#8243; line_height=&#8220;20px&#8220;]\n<h3>Service<\/h3>\n[\/vc_column_text][vc_column_text css=&#8220;.vc_custom_1643965492095{margin-top: 40px !important;margin-bottom: 40px !important;}&#8220; font_family=&#8220;Arial, Helvetica, sans-serif&#8220; color=&#8220;#444444&#8243; font_size=&#8220;12px&#8220; font_weight=&#8220;400&#8243; line_height=&#8220;20px&#8220;]Ab wann die Scheinwerfer bis zum letzten Drink sind echte Profis zu Ihren Diensten Gastfreundschaft und willkommen.<br \/>\nWir sind uns bewusst, wie man in einer live im Fernsehen sein:. k\u00f6nnen wir nicht scheitern und kein Detail \u00fcbersehen werden .<br \/>\nK\u00f6che, Ma\u00eetre Sommelier , Barkeeper, Kellner, ein Team von ausgebildeten Fachleuten in Harmonie, um einen perfekten Service zu bieten und effizient.[\/vc_column_text][vc_column_text css=&#8220;.vc_custom_1643965509607{margin-top: 40px !important;}&#8220; font_family=&#8220;Arial, Helvetica, sans-serif&#8220; color=&#8220;#444444&#8243; font_size=&#8220;12px&#8220; font_weight=&#8220;700&#8243; line_height=&#8220;20px&#8220;]\n<h3>Die Qualit\u00e4t<\/h3>\n[\/vc_column_text][vc_column_text css=&#8220;.vc_custom_1643965531289{margin-top: 40px !important;margin-bottom: 40px !important;}&#8220; font_family=&#8220;Arial, Helvetica, sans-serif&#8220; color=&#8220;#444444&#8243; font_size=&#8220;12px&#8220; font_weight=&#8220;400&#8243; line_height=&#8220;20px&#8220;]Um die Kundenzufriedenheit mit einem Produkt von Vorz\u00fcglichkeit\u00a0 und Qualit\u00e4t zu gew\u00e4hrleisten, haben wir ausgew\u00e4hlte Lieferanten mit hohen Standards f\u00fcr jeden unserer beruflichen Bereichen.<br \/>\ngelten streng die Gesundheit HACCP-Methode, um die Qualit\u00e4t und Herkunft der Rohstoffe zu kontrollieren, die Kette die K\u00e4lte, geht die Herstellung, Handhabung, Temperaturen, Ablauf, um die beste Hygiene-Aktivit\u00e4ten zu gew\u00e4hrleisten.[\/vc_column_text][vc_column_text css=&#8220;.vc_custom_1643965546160{margin-top: 40px !important;}&#8220; font_family=&#8220;Arial, Helvetica, sans-serif&#8220; color=&#8220;#444444&#8243; font_size=&#8220;12px&#8220; font_weight=&#8220;700&#8243; line_height=&#8220;20px&#8220;]\n<h3>Private Kapelle<\/h3>\n[\/vc_column_text][vc_column_text css=&#8220;.vc_custom_1643965567817{margin-top: 40px !important;margin-bottom: 40px !important;}&#8220; font_family=&#8220;Arial, Helvetica, sans-serif&#8220; color=&#8220;#444444&#8243; font_size=&#8220;12px&#8220; font_weight=&#8220;400&#8243; line_height=&#8220;20px&#8220;]Ein Schmuckst\u00fcck , der Platz f\u00fcr bis zu 50 Personen, die Kapelle des St. Donino ist die ideale Wahl f\u00fcr eine enge Zeremonie und Sammeln. Gelegenheit, Taufen und Hochzeitstage feiern.<br \/>\nKapelle ist ein sch\u00f6ner Rahmen f\u00fcr Konzerte der Instrumentalmusik.[\/vc_column_text][vc_media_grid element_width=&#8220;3&#8243; grid_id=&#8220;vc_gid:1643965295204-6aab5c5e-2ba1-2&#8243; include=&#8220;430,431,432,433,434,435,436,437&#8243;][\/vc_column][\/vc_row]\n","protected":false},"excerpt":{"rendered":"<p>[vc_row full_width=&#8220;stretch_row&#8220; css=&#8220;.vc_custom_1643628091739{background: #ffffff url(https:\/\/hotelvillasandonino.it\/wp-content\/uploads\/2022\/01\/matrimoni-1200&#215;300-1.jpg?id=264) !important;background-position: center !important;background-repeat: no-repeat !important;background-size: cover !important;}&#8220; min_height=&#8220;400px&#8220;][vc_column][vc_row_inner css=&#8220;.vc_custom_1643625620823{margin-top: 80px !important;}&#8220;][vc_column_inner width=&#8220;1\/4&#8243;][\/vc_column_inner][vc_column_inner el_class=&#8220;titolo&#8220; width=&#8220;1\/2&#8243; css=&#8220;.vc_custom_1643629671625{margin-top: 60px !important;}&#8220;][vc_column_text font_family=&#8220;Arial, Helvetica, sans-serif&#8220; color=&#8220;#ffffff&#8220; font_size=&#8220;30px&#8220; font_weight=&#8220;700&#8243; line_height=&#8220;30px&#8220; css=&#8220;.vc_custom_1643965302752{padding-top: 20px !important;padding-bottom: 20px !important;background-color: rgba(0,0,0,0.51) !important;*background-color: rgb(0,0,0) !important;}&#8220; el_class=&#8220;titolo&#8220;] Hochzeiten und Empf\u00e4nge [\/vc_column_text][\/vc_column_inner][vc_column_inner width=&#8220;1\/4&#8243;][\/vc_column_inner][\/vc_row_inner][\/vc_column][\/vc_row][vc_row css=&#8220;.vc_custom_1643629818273{margin-top: -40px !important;padding-top: 40px !important;background-color: #ffffff !important;}&#8220; el_class=&#8220;corpo&#8220;][vc_column][vc_column_text css=&#8220;.vc_custom_1643965359961{margin-top: 40px !important;}&#8220;&hellip;<\/p>\n","protected":false},"author":1,"featured_media":0,"parent":0,"menu_order":0,"comment_status":"closed","ping_status":"closed","template":"","meta":{"footnotes":""},"class_list":["post-736","page","type-page","status-publish","hentry","entry","no-media"],"yoast_head":"<!-- This site is optimized with the Yoast SEO plugin v26.7 - https:\/\/yoast.com\/wordpress\/plugins\/seo\/ -->\n<title>Hochzeiten und Empf\u00e4nge - Villa San Donino<\/title>\n<meta name=\"robots\" content=\"index, follow, max-snippet:-1, max-image-preview:large, max-video-preview:-1\" \/>\n<link rel=\"canonical\" href=\"https:\/\/hotelvillasandonino.it\/matrimoni-ed-eventi\/\" \/>\n<meta property=\"og:locale\" content=\"de_DE\" \/>\n<meta property=\"og:type\" content=\"article\" \/>\n<meta property=\"og:title\" content=\"Hochzeiten und Empf\u00e4nge - Villa San Donino\" \/>\n<meta property=\"og:description\" content=\"[vc_row full_width=&#8220;stretch_row&#8220; css=&#8220;.vc_custom_1643628091739{background: #ffffff url(https:\/\/hotelvillasandonino.it\/wp-content\/uploads\/2022\/01\/matrimoni-1200&#215;300-1.jpg?id=264) !important;background-position: center !important;background-repeat: no-repeat !important;background-size: cover !important;}&#8220; min_height=&#8220;400px&#8220;][vc_column][vc_row_inner css=&#8220;.vc_custom_1643625620823{margin-top: 80px !important;}&#8220;][vc_column_inner width=&#8220;1\/4&#8243;][\/vc_column_inner][vc_column_inner el_class=&#8220;titolo&#8220; width=&#8220;1\/2&#8243; css=&#8220;.vc_custom_1643629671625{margin-top: 60px !important;}&#8220;][vc_column_text font_family=&#8220;Arial, Helvetica, sans-serif&#8220; color=&#8220;#ffffff&#8220; font_size=&#8220;30px&#8220; font_weight=&#8220;700&#8243; line_height=&#8220;30px&#8220; css=&#8220;.vc_custom_1643965302752{padding-top: 20px !important;padding-bottom: 20px !important;background-color: rgba(0,0,0,0.51) !important;*background-color: rgb(0,0,0) !important;}&#8220; el_class=&#8220;titolo&#8220;] Hochzeiten und Empf\u00e4nge [\/vc_column_text][\/vc_column_inner][vc_column_inner width=&#8220;1\/4&#8243;][\/vc_column_inner][\/vc_row_inner][\/vc_column][\/vc_row][vc_row css=&#8220;.vc_custom_1643629818273{margin-top: -40px !important;padding-top: 40px !important;background-color: #ffffff !important;}&#8220; el_class=&#8220;corpo&#8220;][vc_column][vc_column_text css=&#8220;.vc_custom_1643965359961{margin-top: 40px !important;}&#8220;&hellip;\" \/>\n<meta property=\"og:url\" content=\"https:\/\/hotelvillasandonino.it\/matrimoni-ed-eventi\/\" \/>\n<meta property=\"og:site_name\" content=\"Villa San Donino\" \/>\n<meta name=\"twitter:card\" content=\"summary_large_image\" \/>\n<meta name=\"twitter:label1\" content=\"Gesch\u00e4tzte Lesezeit\" \/>\n\t<meta name=\"twitter:data1\" content=\"5\u00a0Minuten\" \/>\n<script type=\"application\/ld+json\" class=\"yoast-schema-graph\">{\"@context\":\"https:\/\/schema.org\",\"@graph\":[{\"@type\":\"WebPage\",\"@id\":\"https:\/\/hotelvillasandonino.it\/matrimoni-ed-eventi\/\",\"url\":\"https:\/\/hotelvillasandonino.it\/matrimoni-ed-eventi\/\",\"name\":\"Hochzeiten und Empf\u00e4nge - Villa San Donino\",\"isPartOf\":{\"@id\":\"https:\/\/hotelvillasandonino.it\/#website\"},\"datePublished\":\"2022-02-04T09:06:29+00:00\",\"breadcrumb\":{\"@id\":\"https:\/\/hotelvillasandonino.it\/matrimoni-ed-eventi\/#breadcrumb\"},\"inLanguage\":\"de\",\"potentialAction\":[{\"@type\":\"ReadAction\",\"target\":[\"https:\/\/hotelvillasandonino.it\/matrimoni-ed-eventi\/\"]}]},{\"@type\":\"BreadcrumbList\",\"@id\":\"https:\/\/hotelvillasandonino.it\/matrimoni-ed-eventi\/#breadcrumb\",\"itemListElement\":[{\"@type\":\"ListItem\",\"position\":1,\"name\":\"Home\",\"item\":\"https:\/\/hotelvillasandonino.it\/\"},{\"@type\":\"ListItem\",\"position\":2,\"name\":\"Hochzeiten und Empf\u00e4nge\"}]},{\"@type\":\"WebSite\",\"@id\":\"https:\/\/hotelvillasandonino.it\/#website\",\"url\":\"https:\/\/hotelvillasandonino.it\/\",\"name\":\"Villa San Donino\",\"description\":\"\",\"publisher\":{\"@id\":\"https:\/\/hotelvillasandonino.it\/#organization\"},\"potentialAction\":[{\"@type\":\"SearchAction\",\"target\":{\"@type\":\"EntryPoint\",\"urlTemplate\":\"https:\/\/hotelvillasandonino.it\/?s={search_term_string}\"},\"query-input\":{\"@type\":\"PropertyValueSpecification\",\"valueRequired\":true,\"valueName\":\"search_term_string\"}}],\"inLanguage\":\"de\"},{\"@type\":\"Organization\",\"@id\":\"https:\/\/hotelvillasandonino.it\/#organization\",\"name\":\"Villa San Donino\",\"url\":\"https:\/\/hotelvillasandonino.it\/\",\"logo\":{\"@type\":\"ImageObject\",\"inLanguage\":\"de\",\"@id\":\"https:\/\/hotelvillasandonino.it\/#\/schema\/logo\/image\/\",\"url\":\"https:\/\/hotelvillasandonino.it\/wp-content\/uploads\/2022\/01\/logo-villa-san-donino.png\",\"contentUrl\":\"https:\/\/hotelvillasandonino.it\/wp-content\/uploads\/2022\/01\/logo-villa-san-donino.png\",\"width\":200,\"height\":200,\"caption\":\"Villa San Donino\"},\"image\":{\"@id\":\"https:\/\/hotelvillasandonino.it\/#\/schema\/logo\/image\/\"}}]}<\/script>\n<!-- \/ Yoast SEO plugin. -->","yoast_head_json":{"title":"Hochzeiten und Empf\u00e4nge - Villa San Donino","robots":{"index":"index","follow":"follow","max-snippet":"max-snippet:-1","max-image-preview":"max-image-preview:large","max-video-preview":"max-video-preview:-1"},"canonical":"https:\/\/hotelvillasandonino.it\/matrimoni-ed-eventi\/","og_locale":"de_DE","og_type":"article","og_title":"Hochzeiten und Empf\u00e4nge - Villa San Donino","og_description":"[vc_row full_width=&#8220;stretch_row&#8220; css=&#8220;.vc_custom_1643628091739{background: #ffffff url(https:\/\/hotelvillasandonino.it\/wp-content\/uploads\/2022\/01\/matrimoni-1200&#215;300-1.jpg?id=264) !important;background-position: center !important;background-repeat: no-repeat !important;background-size: cover !important;}&#8220; min_height=&#8220;400px&#8220;][vc_column][vc_row_inner css=&#8220;.vc_custom_1643625620823{margin-top: 80px !important;}&#8220;][vc_column_inner width=&#8220;1\/4&#8243;][\/vc_column_inner][vc_column_inner el_class=&#8220;titolo&#8220; width=&#8220;1\/2&#8243; css=&#8220;.vc_custom_1643629671625{margin-top: 60px !important;}&#8220;][vc_column_text font_family=&#8220;Arial, Helvetica, sans-serif&#8220; color=&#8220;#ffffff&#8220; font_size=&#8220;30px&#8220; font_weight=&#8220;700&#8243; line_height=&#8220;30px&#8220; css=&#8220;.vc_custom_1643965302752{padding-top: 20px !important;padding-bottom: 20px !important;background-color: rgba(0,0,0,0.51) !important;*background-color: rgb(0,0,0) !important;}&#8220; el_class=&#8220;titolo&#8220;] Hochzeiten und Empf\u00e4nge [\/vc_column_text][\/vc_column_inner][vc_column_inner width=&#8220;1\/4&#8243;][\/vc_column_inner][\/vc_row_inner][\/vc_column][\/vc_row][vc_row css=&#8220;.vc_custom_1643629818273{margin-top: -40px !important;padding-top: 40px !important;background-color: #ffffff !important;}&#8220; el_class=&#8220;corpo&#8220;][vc_column][vc_column_text css=&#8220;.vc_custom_1643965359961{margin-top: 40px !important;}&#8220;&hellip;","og_url":"https:\/\/hotelvillasandonino.it\/matrimoni-ed-eventi\/","og_site_name":"Villa San Donino","twitter_card":"summary_large_image","twitter_misc":{"Gesch\u00e4tzte Lesezeit":"5\u00a0Minuten"},"schema":{"@context":"https:\/\/schema.org","@graph":[{"@type":"WebPage","@id":"https:\/\/hotelvillasandonino.it\/matrimoni-ed-eventi\/","url":"https:\/\/hotelvillasandonino.it\/matrimoni-ed-eventi\/","name":"Hochzeiten und Empf\u00e4nge - Villa San Donino","isPartOf":{"@id":"https:\/\/hotelvillasandonino.it\/#website"},"datePublished":"2022-02-04T09:06:29+00:00","breadcrumb":{"@id":"https:\/\/hotelvillasandonino.it\/matrimoni-ed-eventi\/#breadcrumb"},"inLanguage":"de","potentialAction":[{"@type":"ReadAction","target":["https:\/\/hotelvillasandonino.it\/matrimoni-ed-eventi\/"]}]},{"@type":"BreadcrumbList","@id":"https:\/\/hotelvillasandonino.it\/matrimoni-ed-eventi\/#breadcrumb","itemListElement":[{"@type":"ListItem","position":1,"name":"Home","item":"https:\/\/hotelvillasandonino.it\/"},{"@type":"ListItem","position":2,"name":"Hochzeiten und Empf\u00e4nge"}]},{"@type":"WebSite","@id":"https:\/\/hotelvillasandonino.it\/#website","url":"https:\/\/hotelvillasandonino.it\/","name":"Villa San Donino","description":"","publisher":{"@id":"https:\/\/hotelvillasandonino.it\/#organization"},"potentialAction":[{"@type":"SearchAction","target":{"@type":"EntryPoint","urlTemplate":"https:\/\/hotelvillasandonino.it\/?s={search_term_string}"},"query-input":{"@type":"PropertyValueSpecification","valueRequired":true,"valueName":"search_term_string"}}],"inLanguage":"de"},{"@type":"Organization","@id":"https:\/\/hotelvillasandonino.it\/#organization","name":"Villa San Donino","url":"https:\/\/hotelvillasandonino.it\/","logo":{"@type":"ImageObject","inLanguage":"de","@id":"https:\/\/hotelvillasandonino.it\/#\/schema\/logo\/image\/","url":"https:\/\/hotelvillasandonino.it\/wp-content\/uploads\/2022\/01\/logo-villa-san-donino.png","contentUrl":"https:\/\/hotelvillasandonino.it\/wp-content\/uploads\/2022\/01\/logo-villa-san-donino.png","width":200,"height":200,"caption":"Villa San Donino"},"image":{"@id":"https:\/\/hotelvillasandonino.it\/#\/schema\/logo\/image\/"}}]}},"_links":{"self":[{"href":"https:\/\/hotelvillasandonino.it\/de\/wp-json\/wp\/v2\/pages\/736","targetHints":{"allow":["GET"]}}],"collection":[{"href":"https:\/\/hotelvillasandonino.it\/de\/wp-json\/wp\/v2\/pages"}],"about":[{"href":"https:\/\/hotelvillasandonino.it\/de\/wp-json\/wp\/v2\/types\/page"}],"author":[{"embeddable":true,"href":"https:\/\/hotelvillasandonino.it\/de\/wp-json\/wp\/v2\/users\/1"}],"replies":[{"embeddable":true,"href":"https:\/\/hotelvillasandonino.it\/de\/wp-json\/wp\/v2\/comments?post=736"}],"version-history":[{"count":2,"href":"https:\/\/hotelvillasandonino.it\/de\/wp-json\/wp\/v2\/pages\/736\/revisions"}],"predecessor-version":[{"id":753,"href":"https:\/\/hotelvillasandonino.it\/de\/wp-json\/wp\/v2\/pages\/736\/revisions\/753"}],"wp:attachment":[{"href":"https:\/\/hotelvillasandonino.it\/de\/wp-json\/wp\/v2\/media?parent=736"}],"curies":[{"name":"wp","href":"https:\/\/api.w.org\/{rel}","templated":true}]}}